{"id":2520,"date":"2021-11-28T11:52:00","date_gmt":"2021-11-28T11:52:00","guid":{"rendered":"https:\/\/villamorro.com\/raum-1"},"modified":"2025-02-11T15:13:01","modified_gmt":"2025-02-11T15:13:01","slug":"zimmer-1","status":"publish","type":"page","link":"https:\/\/villamorro.com\/de\/zimmer-1","title":{"rendered":"Zimmer1"},"content":{"rendered":"<p>[et_pb_section fb_built=&#8220;1&#8243; admin_label=&#8220;Header&#8220; _builder_version=&#8220;4.17.3&#8243; use_background_color_gradient=&#8220;on&#8220; background_color_gradient_type=&#8220;circular&#8220; background_color_gradient_direction_radial=&#8220;top left&#8220; background_color_gradient_stops=&#8220;rgba(255,255,255,0.89) 1%|rgba(255,255,255,0) 62%&#8220; background_color_gradient_overlays_image=&#8220;on&#8220; background_color_gradient_start=&#8220;rgba(255,255,255,0.89)&#8220; background_color_gradient_start_position=&#8220;1%&#8220; background_color_gradient_end=&#8220;rgba(255,255,255,0)&#8220; background_color_gradient_end_position=&#8220;62%&#8220; background_image=&#8220;https:\/\/villamorro.com\/wp-content\/uploads\/2025\/02\/DSC_3916-hdr-scaled.jpg&#8220; background_size=&#8220;contain&#8220; width=&#8220;100vw&#8220; max_width=&#8220;100vw&#8220; custom_padding=&#8220;14vw|0px|0|0px|false|false&#8220; da_disable_devices=&#8220;off|off|off&#8220; global_colors_info=&#8220;{}&#8220; da_is_popup=&#8220;off&#8220; da_exit_intent=&#8220;off&#8220; da_has_close=&#8220;on&#8220; da_alt_close=&#8220;off&#8220; da_dark_close=&#8220;off&#8220; da_not_modal=&#8220;on&#8220; da_is_singular=&#8220;off&#8220; da_with_loader=&#8220;off&#8220; da_has_shadow=&#8220;on&#8220;][et_pb_row make_equal=&#8220;on&#8220; admin_label=&#8220;Ligne&#8220; _builder_version=&#8220;4.16&#8243; global_colors_info=&#8220;{}&#8220;][et_pb_column type=&#8220;4_4&#8243; _builder_version=&#8220;4.16&#8243; custom_padding=&#8220;|||&#8220; global_colors_info=&#8220;{}&#8220; custom_padding__hover=&#8220;|||&#8220;][et_pb_text _builder_version=&#8220;4.16&#8243; text_font=&#8220;||||||||&#8220; header_font=&#8220;Raleway|700|||||||&#8220; header_text_color=&#8220;#FFFFFF&#8220; header_font_size=&#8220;80px&#8220; header_line_height=&#8220;1.2em&#8220; header_5_font=&#8220;Raleway|700||on|||||&#8220; header_5_text_color=&#8220;#000000&#8243; header_5_font_size=&#8220;20px&#8220; header_5_letter_spacing=&#8220;0.5em&#8220; header_5_line_height=&#8220;1.8em&#8220; animation_style=&#8220;zoom&#8220; animation_intensity_zoom=&#8220;5%&#8220; header_font_size_tablet=&#8220;48px&#8220; header_font_size_phone=&#8220;32px&#8220; header_font_size_last_edited=&#8220;on|phone&#8220; header_5_font_size_tablet=&#8220;14px&#8220; header_5_font_size_phone=&#8220;12px&#8220; header_5_font_size_last_edited=&#8220;on|desktop&#8220; header_text_shadow_style=&#8220;preset1&#8243; header_text_shadow_color=&#8220;#00594c&#8220; global_colors_info=&#8220;{}&#8220;]<\/p>\n<h1>Das Terrassenzimmer<\/h1>\n<p>[\/et_pb_text][\/et_pb_column][\/et_pb_row][et_pb_row column_structure=&#8220;1_4,1_4,1_4,1_4&#8243; use_custom_gutter=&#8220;on&#8220; gutter_width=&#8220;2&#8243; make_equal=&#8220;on&#8220; custom_padding_last_edited=&#8220;on|desktop&#8220; admin_label=&#8220;Ligne&#8220; _builder_version=&#8220;4.16&#8243; background_enable_color=&#8220;off&#8220; width=&#8220;86%&#8220; max_width=&#8220;90%&#8220; module_alignment=&#8220;left&#8220; custom_margin=&#8220;8vw|666px||auto|false|false&#8220; custom_padding=&#8220;0|0px|0px|15vw|false|false&#8220; custom_padding_tablet=&#8220;|||10vw&#8220; custom_padding_phone=&#8220;&#8220; animation_style=&#8220;slide&#8220; animation_direction=&#8220;left&#8220; animation_intensity_slide=&#8220;5%&#8220; use_custom_width=&#8220;on&#8220; width_unit=&#8220;off&#8220; custom_width_percent=&#8220;90%&#8220; locked=&#8220;off&#8220; global_colors_info=&#8220;{}&#8220;][et_pb_column type=&#8220;1_4&#8243; _builder_version=&#8220;4.16&#8243; custom_padding=&#8220;74px|||&#8220; custom_padding_tablet=&#8220;40px|||&#8220; custom_padding_phone=&#8220;20px|||&#8220; custom_padding_last_edited=&#8220;off|desktop&#8220; global_colors_info=&#8220;{}&#8220; padding_phone=&#8220;20px|||&#8220; padding_tablet=&#8220;40px|||&#8220; padding_last_edited=&#8220;off|desktop&#8220; custom_padding__hover=&#8220;|||&#8220;][\/et_pb_column][et_pb_column type=&#8220;1_4&#8243; _builder_version=&#8220;4.16&#8243; custom_padding=&#8220;74px|||&#8220; custom_padding_tablet=&#8220;40px|||&#8220; custom_padding_phone=&#8220;20px|||&#8220; custom_padding_last_edited=&#8220;off|desktop&#8220; global_colors_info=&#8220;{}&#8220; padding_phone=&#8220;20px|||&#8220; padding_tablet=&#8220;40px|||&#8220; padding_last_edited=&#8220;off|desktop&#8220; custom_padding__hover=&#8220;|||&#8220;][\/et_pb_column][et_pb_column type=&#8220;1_4&#8243; _builder_version=&#8220;4.16&#8243; background_enable_color=&#8220;off&#8220; custom_padding=&#8220;74px||||false|false&#8220; custom_padding_tablet=&#8220;40px|||&#8220; custom_padding_phone=&#8220;20px|||&#8220; custom_padding_last_edited=&#8220;off|desktop&#8220; global_colors_info=&#8220;{}&#8220; padding_phone=&#8220;20px|||&#8220; padding_tablet=&#8220;40px|||&#8220; padding_last_edited=&#8220;off|desktop&#8220; custom_padding__hover=&#8220;|||&#8220;][\/et_pb_column][et_pb_column type=&#8220;1_4&#8243; _builder_version=&#8220;4.16&#8243; background_enable_color=&#8220;off&#8220; custom_padding=&#8220;|||&#8220; custom_padding_tablet=&#8220;40px|||&#8220; custom_padding_phone=&#8220;20px|||&#8220; custom_padding_last_edited=&#8220;off|desktop&#8220; global_colors_info=&#8220;{}&#8220; padding_phone=&#8220;20px|||&#8220; padding_tablet=&#8220;40px|||&#8220; padding_last_edited=&#8220;off|desktop&#8220; custom_padding__hover=&#8220;|||&#8220;][\/et_pb_column][\/et_pb_row][\/et_pb_section][et_pb_section fb_built=&#8220;1&#8243; admin_label=&#8220;Room Details&#8220; _builder_version=&#8220;4.16&#8243; background_enable_image=&#8220;off&#8220; custom_margin=&#8220;||||false|false&#8220; da_disable_devices=&#8220;off|off|off&#8220; global_colors_info=&#8220;{}&#8220; da_is_popup=&#8220;off&#8220; da_exit_intent=&#8220;off&#8220; da_has_close=&#8220;on&#8220; da_alt_close=&#8220;off&#8220; da_dark_close=&#8220;off&#8220; da_not_modal=&#8220;on&#8220; da_is_singular=&#8220;off&#8220; da_with_loader=&#8220;off&#8220; da_has_shadow=&#8220;on&#8220;][et_pb_row column_structure=&#8220;1_4,1_4,1_4,1_4&#8243; _builder_version=&#8220;4.17.3&#8243; _module_preset=&#8220;default&#8220; width=&#8220;60%&#8220; width_tablet=&#8220;60%&#8220; width_phone=&#8220;60%&#8220; width_last_edited=&#8220;on|desktop&#8220; max_width=&#8220;1232px&#8220; module_alignment=&#8220;center&#8220; custom_margin=&#8220;|auto|||false|false&#8220; global_colors_info=&#8220;{}&#8220;][et_pb_column type=&#8220;1_4&#8243; _builder_version=&#8220;4.16&#8243; _module_preset=&#8220;default&#8220; global_colors_info=&#8220;{}&#8220;][et_pb_blurb title=&#8220;Gro\u00dfe private Terrasse&#8220; use_icon=&#8220;on&#8220; font_icon=&#8220;\ue005||divi||400&#8243; icon_color=&#8220;#00594c&#8220; icon_placement=&#8220;left&#8220; image_icon_width=&#8220;24px&#8220; _builder_version=&#8220;4.17.3&#8243; header_level=&#8220;h5&#8243; header_font=&#8220;Raleway|700|||||||&#8220; header_text_align=&#8220;left&#8220; header_font_size=&#8220;1.3em&#8220; header_line_height=&#8220;1.1em&#8220; width=&#8220;10vw&#8220; module_alignment=&#8220;center&#8220; max_height=&#8220;10vw&#8220; header_font_size_tablet=&#8220;1.3em&#8220; header_font_size_phone=&#8220;0.9em&#8220; header_font_size_last_edited=&#8220;on|phone&#8220; icon_font_size=&#8220;24px&#8220; global_colors_info=&#8220;{}&#8220;][\/et_pb_blurb][\/et_pb_column][et_pb_column type=&#8220;1_4&#8243; _builder_version=&#8220;4.16&#8243; _module_preset=&#8220;default&#8220; global_colors_info=&#8220;{}&#8220;][et_pb_blurb title=&#8220;Klimatisiert&#8220; use_icon=&#8220;on&#8220; font_icon=&#8220;\ue00a||divi||400&#8243; icon_color=&#8220;#00594c&#8220; icon_placement=&#8220;left&#8220; image_icon_width=&#8220;24px&#8220; _builder_version=&#8220;4.17.3&#8243; header_level=&#8220;h5&#8243; header_font=&#8220;Raleway|700|||||||&#8220; header_text_align=&#8220;left&#8220; header_font_size=&#8220;1.3em&#8220; header_line_height=&#8220;1.1em&#8220; width=&#8220;10vw&#8220; module_alignment=&#8220;center&#8220; max_height=&#8220;10vw&#8220; header_font_size_tablet=&#8220;1.3em&#8220; header_font_size_phone=&#8220;0.9em&#8220; header_font_size_last_edited=&#8220;on|phone&#8220; icon_font_size=&#8220;24px&#8220; global_colors_info=&#8220;{}&#8220;][\/et_pb_blurb][\/et_pb_column][et_pb_column type=&#8220;1_4&#8243; _builder_version=&#8220;4.16&#8243; _module_preset=&#8220;default&#8220; global_colors_info=&#8220;{}&#8220;][et_pb_blurb title=&#8220;Privates Duschbad&#8220; image=&#8220;https:\/\/villamorro.com\/wp-content\/uploads\/2022\/04\/douche-1.png&#8220; icon_placement=&#8220;left&#8220; image_icon_width=&#8220;24px&#8220; _builder_version=&#8220;4.17.3&#8243; header_level=&#8220;h5&#8243; header_font=&#8220;Raleway|700|||||||&#8220; header_text_align=&#8220;left&#8220; header_font_size=&#8220;1.3em&#8220; header_line_height=&#8220;1.1em&#8220; width=&#8220;10vw&#8220; module_alignment=&#8220;center&#8220; max_height=&#8220;10vw&#8220; header_font_size_tablet=&#8220;1.3em&#8220; header_font_size_phone=&#8220;0.9em&#8220; header_font_size_last_edited=&#8220;on|phone&#8220; locked=&#8220;off&#8220; global_colors_info=&#8220;{}&#8220;][\/et_pb_blurb][\/et_pb_column][et_pb_column type=&#8220;1_4&#8243; _builder_version=&#8220;4.16&#8243; _module_preset=&#8220;default&#8220; global_colors_info=&#8220;{}&#8220;][et_pb_blurb title=&#8220;Fr\u00fchst\u00fcck (optional)&#8220; image=&#8220;https:\/\/villamorro.com\/wp-content\/uploads\/2023\/01\/breakfast3.png&#8220; icon_placement=&#8220;left&#8220; image_icon_width=&#8220;24px&#8220; _builder_version=&#8220;4.17.3&#8243; header_level=&#8220;h5&#8243; header_font=&#8220;Raleway|700|||||||&#8220; header_text_align=&#8220;left&#8220; header_font_size=&#8220;1.3em&#8220; header_line_height=&#8220;1.1em&#8220; width=&#8220;10vw&#8220; module_alignment=&#8220;center&#8220; max_height=&#8220;10vw&#8220; header_font_size_tablet=&#8220;1.3em&#8220; header_font_size_phone=&#8220;0.9em&#8220; header_font_size_last_edited=&#8220;on|phone&#8220; locked=&#8220;off&#8220; global_colors_info=&#8220;{}&#8220;][\/et_pb_blurb][\/et_pb_column][\/et_pb_row][et_pb_row column_structure=&#8220;1_4,1_4,1_4,1_4&#8243; _builder_version=&#8220;4.17.3&#8243; width=&#8220;90%&#8220; max_width=&#8220;1220px&#8220; global_colors_info=&#8220;{}&#8220;][et_pb_column type=&#8220;1_4&#8243; _builder_version=&#8220;4.16&#8243; custom_padding=&#8220;|||&#8220; global_colors_info=&#8220;{}&#8220; custom_padding__hover=&#8220;|||&#8220;][et_pb_text _builder_version=&#8220;4.17.3&#8243; header_4_font=&#8220;Raleway|700|||||||&#8220; header_4_font_size=&#8220;20px&#8220; header_4_line_height=&#8220;1.4em&#8220; global_colors_info=&#8220;{}&#8220;]<\/p>\n<ul>\n<li>Klimatisiertes Doppelzimmer (15 m\u00b2)<\/li>\n<li>Bett 160 x 190 cm<\/li>\n<li>Eigenes Duschbad<\/li>\n<li>Gro\u00dfe private Terrasse<\/li>\n<li>Kostenloses WLAN &#8211; Fernseher<\/li>\n<li>Schlie\u00dffach<\/li>\n<li>Minibar, Kaffeemaschine, Wasserkocher<\/li>\n<li>Haartrockner<\/li>\n<li>Poolhandtuch, Bademantel, Badeschlappen<\/li>\n<li>Fr\u00fchst\u00fccksbuffet<\/li>\n<li><a href=\"https:\/\/villamorro.com#services\">Sonstige Dienstleistungen<\/a><\/li>\n<\/ul>\n<p>[\/et_pb_text][\/et_pb_column][et_pb_column type=&#8220;1_4&#8243; _builder_version=&#8220;4.16&#8243; custom_padding=&#8220;|||&#8220; global_colors_info=&#8220;{}&#8220; custom_padding__hover=&#8220;|||&#8220;][et_pb_number_counter title=&#8220;Queensize-Bett&#8220; number=&#8220;1&#8243; percent_sign=&#8220;off&#8220; _builder_version=&#8220;4.16&#8243; title_font=&#8220;||||||||&#8220; title_text_color=&#8220;#666666&#8243; title_font_size=&#8220;14px&#8220; number_font=&#8220;Raleway|700|||||||&#8220; number_text_color=&#8220;#00594c&#8220; number_font_size=&#8220;48px&#8220; number_line_height=&#8220;100px&#8220; locked=&#8220;off&#8220; global_colors_info=&#8220;{}&#8220;][\/et_pb_number_counter][\/et_pb_column][et_pb_column type=&#8220;1_4&#8243; _builder_version=&#8220;4.16&#8243; custom_padding=&#8220;|||&#8220; global_colors_info=&#8220;{}&#8220; custom_padding__hover=&#8220;|||&#8220;][et_pb_number_counter title=&#8220;G\u00e4ste&#8220; number=&#8220;2&#8243; percent_sign=&#8220;off&#8220; _builder_version=&#8220;4.16&#8243; title_font=&#8220;||||||||&#8220; title_text_color=&#8220;#666666&#8243; title_font_size=&#8220;14px&#8220; number_font=&#8220;Raleway|700|||||||&#8220; number_text_color=&#8220;#00594c&#8220; number_font_size=&#8220;48px&#8220; number_line_height=&#8220;100px&#8220; locked=&#8220;off&#8220; global_colors_info=&#8220;{}&#8220;][\/et_pb_number_counter][\/et_pb_column][et_pb_column type=&#8220;1_4&#8243; _builder_version=&#8220;4.16&#8243; custom_padding=&#8220;|||&#8220; global_colors_info=&#8220;{}&#8220; custom_padding__hover=&#8220;|||&#8220;][et_pb_number_counter title=&#8220;m\u00b2&#8220; number=&#8220;15&#8243; percent_sign=&#8220;off&#8220; _builder_version=&#8220;4.17.3&#8243; title_font=&#8220;||||||||&#8220; title_text_color=&#8220;#666666&#8243; title_font_size=&#8220;14px&#8220; number_font=&#8220;Raleway|700|||||||&#8220; number_text_color=&#8220;#00594c&#8220; number_font_size=&#8220;48px&#8220; number_line_height=&#8220;100px&#8220; locked=&#8220;off&#8220; global_colors_info=&#8220;{}&#8220;][\/et_pb_number_counter][\/et_pb_column][\/et_pb_row][et_pb_row _builder_version=&#8220;4.16&#8243; locked=&#8220;off&#8220; global_colors_info=&#8220;{}&#8220;][et_pb_column type=&#8220;4_4&#8243; _builder_version=&#8220;4.16&#8243; custom_padding=&#8220;|||&#8220; global_colors_info=&#8220;{}&#8220; custom_padding__hover=&#8220;|||&#8220;][et_pb_text _builder_version=&#8220;4.17.3&#8243; _module_preset=&#8220;default&#8220; text_font_size=&#8220;16px&#8220; global_colors_info=&#8220;{}&#8220;]<\/p>\n<p>Dieses Doppelzimmer, das kleinste der Villa, wird Sie mit seiner intimen und nat\u00fcrlichen Atmosph\u00e4re begeistern, die durch die Dekoration in den Farben der Erde und der Pflanzen sowie durch Materialien wie Holz und Leinen entsteht. Es \u00f6ffnet sich zu einer gro\u00dfen privaten Terrasse, die in Sonnenlicht getaucht ist und sich ideal zum Entspannen auf den Liegest\u00fchlen im Schatten des Sonnenschirms eignet. Das Badezimmer mit gro\u00dfz\u00fcgiger Dusche verf\u00fcgt \u00fcber eine satinierte Glast\u00fcr f\u00fcr noch mehr Licht.<\/p>\n<p>[\/et_pb_text][et_pb_text _builder_version=&#8220;4.17.3&#8243; _module_preset=&#8220;default&#8220; text_font=&#8220;|800|||||||&#8220; text_text_color=&#8220;#00594c&#8220; text_font_size=&#8220;22px&#8220; header_text_align=&#8220;center&#8220; header_2_font_size=&#8220;1.5em&#8220; text_orientation=&#8220;center&#8220; header_2_font_size_tablet=&#8220;1.5em&#8220; header_2_font_size_phone=&#8220;1em&#8220; header_2_font_size_last_edited=&#8220;on|phone&#8220; global_colors_info=&#8220;{}&#8220;]<\/p>\n<h2><strong><span style=\"color: #00594c;\">Preise und Verf\u00fcgbarkeit<\/span><\/strong><\/h2>\n<p>[\/et_pb_text][et_pb_text _builder_version=&#8220;4.17.3&#8243; _module_preset=&#8220;default&#8220; header_text_align=&#8220;center&#8220; text_orientation=&#8220;center&#8220; max_width=&#8220;28%&#8220; max_width_tablet=&#8220;50%&#8220; max_width_phone=&#8220;85%&#8220; max_width_last_edited=&#8220;on|tablet&#8220; module_alignment=&#8220;center&#8220; global_colors_info=&#8220;{}&#8220;]<iframe src=\"https:\/\/bbplanner.com\/calendario\/bb\/widget_camera.php?id_hotel=12440&amp;id_camera=34403&amp;bbpLanguage=en\" style=\"width: 100%; height: 288px; border: 0;\"><\/iframe>[\/et_pb_text][dipl_masonry_gallery image_ids=&#8220;7214,7219,7224,7229,7234,7239,7244,7249,7254&#8243; number_of_columns=&#8220;3&#8243; column_spacing=&#8220;10px&#8220; image_size=&#8220;full&#8220; enable_lightbox=&#8220;on&#8220; enable_overlay=&#8220;on&#8220; overlay_icon=&#8220;.||divi||400&#8243; overlay_icon_color=&#8220;#00594c&#8220; overlay_color=&#8220;rgba(255,255,255,0.42)&#8220; _builder_version=&#8220;4.17.3&#8243; _module_preset=&#8220;default&#8220; global_colors_info=&#8220;{}&#8220;][\/dipl_masonry_gallery][et_pb_text _builder_version=&#8220;4.17.3&#8243; _module_preset=&#8220;default&#8220; text_text_color=&#8220;#000000&#8243; header_text_color=&#8220;#000000&#8243; background_color=&#8220;rgba(0,89,76,0.68)&#8220; custom_margin=&#8220;50px||||false|false&#8220; custom_padding=&#8220;4px|||||&#8220; global_colors_info=&#8220;{}&#8220;]<\/p>\n<h3 style=\"text-align: center;\"><span style=\"color: #f6be00;\">Unsere anderen Zimmer<\/span><\/h3>\n<p>[\/et_pb_text][dica_divi_carousel item_width_auto=&#8220;on&#8220; item_width=&#8220;237px&#8220; arrow_nav=&#8220;on&#8220; advanced_effect=&#8220;1&#8243; arrow_nav_color=&#8220;#00594c&#8220; arrow_position=&#8220;middle-outside&#8220; carousel_container_margin=&#8220;||||false|false&#8220; carousel_container_padding=&#8220;||||false|false&#8220; _builder_version=&#8220;4.17.3&#8243; _module_preset=&#8220;default&#8220; title_text_align=&#8220;center&#8220; width=&#8220;58%&#8220; max_width=&#8220;62%&#8220; module_alignment=&#8220;center&#8220; hover_enabled=&#8220;0&#8243; border_radii_image=&#8220;on|5px|5px|5px|5px&#8220; global_colors_info=&#8220;{}&#8220; sticky_enabled=&#8220;0&#8243;][dica_divi_carouselitem title=&#8220;Die Terrassensuite&#8220; button_url_new_window=&#8220;1&#8243; image=&#8220;https:\/\/villamorro.com\/wp-content\/uploads\/2025\/02\/Ch2.jpg&#8220; _builder_version=&#8220;4.17.3&#8243; _dynamic_attributes=&#8220;link_option_url&#8220; _module_preset=&#8220;default&#8220; header_text_align=&#8220;center&#8220; link_option_url=&#8220;@ET-DC@eyJkeW5hbWljIjp0cnVlLCJjb250ZW50IjoicG9zdF9saW5rX3VybF9wYWdlIiwic2V0dGluZ3MiOnsicG9zdF9pZCI6IjEwMjUifX0=@&#8220; hover_enabled=&#8220;0&#8243; global_colors_info=&#8220;{}&#8220; title_text=&#8220;Ch2&#8243; sticky_enabled=&#8220;0&#8243;][\/dica_divi_carouselitem][dica_divi_carouselitem title=&#8220;Das Baldachinzimmer&#8220; button_url_new_window=&#8220;1&#8243; image=&#8220;https:\/\/villamorro.com\/wp-content\/uploads\/2025\/02\/Ch3.jpg&#8220; _builder_version=&#8220;4.17.3&#8243; _dynamic_attributes=&#8220;link_option_url&#8220; _module_preset=&#8220;default&#8220; header_text_align=&#8220;center&#8220; link_option_url=&#8220;@ET-DC@eyJkeW5hbWljIjp0cnVlLCJjb250ZW50IjoicG9zdF9saW5rX3VybF9wYWdlIiwic2V0dGluZ3MiOnsicG9zdF9pZCI6IjEwMzIifX0=@&#8220; hover_enabled=&#8220;0&#8243; global_colors_info=&#8220;{}&#8220; title_text=&#8220;Ch3&#8243; sticky_enabled=&#8220;0&#8243;][\/dica_divi_carouselitem][dica_divi_carouselitem title=&#8220;Die Balkonsuite&#8220; button_url_new_window=&#8220;1&#8243; image=&#8220;https:\/\/villamorro.com\/wp-content\/uploads\/2025\/02\/Ch4.jpg&#8220; _builder_version=&#8220;4.17.3&#8243; _dynamic_attributes=&#8220;link_option_url&#8220; _module_preset=&#8220;default&#8220; header_text_align=&#8220;center&#8220; link_option_url=&#8220;@ET-DC@eyJkeW5hbWljIjp0cnVlLCJjb250ZW50IjoicG9zdF9saW5rX3VybF9wYWdlIiwic2V0dGluZ3MiOnsicG9zdF9pZCI6IjEwMzkifX0=@&#8220; hover_enabled=&#8220;0&#8243; global_colors_info=&#8220;{}&#8220; title_text=&#8220;Ch4&#8243; sticky_enabled=&#8220;0&#8243;][\/dica_divi_carouselitem][dica_divi_carouselitem title=&#8220;Das Garten Familienzimmer&#8220; button_url_new_window=&#8220;1&#8243; image=&#8220;https:\/\/villamorro.com\/wp-content\/uploads\/2025\/02\/Ch7.jpg&#8220; _builder_version=&#8220;4.17.3&#8243; _dynamic_attributes=&#8220;link_option_url&#8220; _module_preset=&#8220;default&#8220; header_text_align=&#8220;center&#8220; link_option_url=&#8220;@ET-DC@eyJkeW5hbWljIjp0cnVlLCJjb250ZW50IjoicG9zdF9saW5rX3VybF9wYWdlIiwic2V0dGluZ3MiOnsicG9zdF9pZCI6IjM0NjUifX0=@&#8220; hover_enabled=&#8220;0&#8243; global_colors_info=&#8220;{}&#8220; title_text=&#8220;Ch7&#8243; sticky_enabled=&#8220;0&#8243;][\/dica_divi_carouselitem][dica_divi_carouselitem title=&#8220;Das Garten Familien Appartement&#8220; button_url_new_window=&#8220;1&#8243; image=&#8220;https:\/\/villamorro.com\/wp-content\/uploads\/2025\/02\/Apt6.jpg&#8220; _builder_version=&#8220;4.17.3&#8243; _dynamic_attributes=&#8220;link_option_url&#8220; _module_preset=&#8220;default&#8220; header_text_align=&#8220;center&#8220; link_option_url=&#8220;@ET-DC@eyJkeW5hbWljIjp0cnVlLCJjb250ZW50IjoicG9zdF9saW5rX3VybF9wYWdlIiwic2V0dGluZ3MiOnsicG9zdF9pZCI6IjYwNjcifX0=@&#8220; hover_enabled=&#8220;0&#8243; global_colors_info=&#8220;{}&#8220; title_text=&#8220;Apt6&#8243; sticky_enabled=&#8220;0&#8243;][\/dica_divi_carouselitem][\/dica_divi_carousel][\/et_pb_column][\/et_pb_row][\/et_pb_section]<\/p>\n","protected":false},"excerpt":{"rendered":"<p>Das Terrassenzimmer Klimatisiertes Doppelzimmer (15 m\u00b2) Bett 160 x 190 cm Eigenes Duschbad Gro\u00dfe private Terrasse Kostenloses WLAN &#8211; Fernseher Schlie\u00dffach Minibar, Kaffeemaschine, Wasserkocher Haartrockner Poolhandtuch, Bademantel, Badeschlappen Fr\u00fchst\u00fccksbuffet Sonstige Dienstleistungen Dieses Doppelzimmer, das kleinste der Villa, wird Sie mit seiner intimen und nat\u00fcrlichen Atmosph\u00e4re begeistern, die durch die Dekoration in den Farben der Erde [&hellip;]<\/p>\n","protected":false},"author":3,"featured_media":0,"parent":0,"menu_order":0,"comment_status":"closed","ping_status":"closed","template":"","meta":{"_et_pb_use_builder":"on","_et_pb_old_content":"","_et_gb_content_width":"","_exactmetrics_skip_tracking":false,"_exactmetrics_sitenote_active":false,"_exactmetrics_sitenote_note":"","_exactmetrics_sitenote_category":0,"cybocfi_hide_featured_image":""},"yoast_head":"<!-- This site is optimized with the Yoast SEO plugin v20.0 - https:\/\/yoast.com\/wordpress\/plugins\/seo\/ -->\n<title>Zimmer1 - villamorro<\/title>\n<meta name=\"robots\" content=\"index, follow, max-snippet:-1, max-image-preview:large, max-video-preview:-1\" \/>\n<link rel=\"canonical\" href=\"https:\/\/villamorro.com\/de\/zimmer-1\" \/>\n<meta property=\"og:locale\" content=\"de_DE\" \/>\n<meta property=\"og:type\" content=\"article\" \/>\n<meta property=\"og:title\" content=\"Zimmer1 - villamorro\" \/>\n<meta property=\"og:description\" content=\"Das Terrassenzimmer Klimatisiertes Doppelzimmer (15 m\u00b2) Bett 160 x 190 cm Eigenes Duschbad Gro\u00dfe private Terrasse Kostenloses WLAN - Fernseher Schlie\u00dffach Minibar, Kaffeemaschine, Wasserkocher Haartrockner Poolhandtuch, Bademantel, Badeschlappen Fr\u00fchst\u00fccksbuffet Sonstige Dienstleistungen Dieses Doppelzimmer, das kleinste der Villa, wird Sie mit seiner intimen und nat\u00fcrlichen Atmosph\u00e4re begeistern, die durch die Dekoration in den Farben der Erde [&hellip;]\" \/>\n<meta property=\"og:url\" content=\"https:\/\/villamorro.com\/de\/zimmer-1\" \/>\n<meta property=\"og:site_name\" content=\"villamorro\" \/>\n<meta property=\"article:modified_time\" content=\"2025-02-11T15:13:01+00:00\" \/>\n<meta name=\"twitter:card\" content=\"summary_large_image\" \/>\n<meta name=\"twitter:label1\" content=\"Gesch\u00e4tzte Lesezeit\" \/>\n\t<meta name=\"twitter:data1\" content=\"10\u00a0Minuten\" \/>\n<script type=\"application\/ld+json\" class=\"yoast-schema-graph\">{\"@context\":\"https:\/\/schema.org\",\"@graph\":[{\"@type\":\"WebPage\",\"@id\":\"https:\/\/villamorro.com\/de\/zimmer-1\",\"url\":\"https:\/\/villamorro.com\/de\/zimmer-1\",\"name\":\"Zimmer1 - villamorro\",\"isPartOf\":{\"@id\":\"https:\/\/villamorro.com\/de#website\"},\"datePublished\":\"2021-11-28T11:52:00+00:00\",\"dateModified\":\"2025-02-11T15:13:01+00:00\",\"breadcrumb\":{\"@id\":\"https:\/\/villamorro.com\/de\/zimmer-1#breadcrumb\"},\"inLanguage\":\"de\",\"potentialAction\":[{\"@type\":\"ReadAction\",\"target\":[\"https:\/\/villamorro.com\/de\/zimmer-1\"]}]},{\"@type\":\"BreadcrumbList\",\"@id\":\"https:\/\/villamorro.com\/de\/zimmer-1#breadcrumb\",\"itemListElement\":[{\"@type\":\"ListItem\",\"position\":1,\"name\":\"Accueil\",\"item\":\"https:\/\/villamorro.com\/de\/willkommen-auf-villamorro-com\"},{\"@type\":\"ListItem\",\"position\":2,\"name\":\"Zimmer1\"}]},{\"@type\":\"WebSite\",\"@id\":\"https:\/\/villamorro.com\/de#website\",\"url\":\"https:\/\/villamorro.com\/de\",\"name\":\"villamorro\",\"description\":\"Suites\",\"potentialAction\":[{\"@type\":\"SearchAction\",\"target\":{\"@type\":\"EntryPoint\",\"urlTemplate\":\"https:\/\/villamorro.com\/de?s={search_term_string}\"},\"query-input\":\"required name=search_term_string\"}],\"inLanguage\":\"de\"}]}<\/script>\n<!-- \/ Yoast SEO plugin. -->","yoast_head_json":{"title":"Zimmer1 - villamorro","robots":{"index":"index","follow":"follow","max-snippet":"max-snippet:-1","max-image-preview":"max-image-preview:large","max-video-preview":"max-video-preview:-1"},"canonical":"https:\/\/villamorro.com\/de\/zimmer-1","og_locale":"de_DE","og_type":"article","og_title":"Zimmer1 - villamorro","og_description":"Das Terrassenzimmer Klimatisiertes Doppelzimmer (15 m\u00b2) Bett 160 x 190 cm Eigenes Duschbad Gro\u00dfe private Terrasse Kostenloses WLAN - Fernseher Schlie\u00dffach Minibar, Kaffeemaschine, Wasserkocher Haartrockner Poolhandtuch, Bademantel, Badeschlappen Fr\u00fchst\u00fccksbuffet Sonstige Dienstleistungen Dieses Doppelzimmer, das kleinste der Villa, wird Sie mit seiner intimen und nat\u00fcrlichen Atmosph\u00e4re begeistern, die durch die Dekoration in den Farben der Erde [&hellip;]","og_url":"https:\/\/villamorro.com\/de\/zimmer-1","og_site_name":"villamorro","article_modified_time":"2025-02-11T15:13:01+00:00","twitter_card":"summary_large_image","twitter_misc":{"Gesch\u00e4tzte Lesezeit":"10\u00a0Minuten"},"schema":{"@context":"https:\/\/schema.org","@graph":[{"@type":"WebPage","@id":"https:\/\/villamorro.com\/de\/zimmer-1","url":"https:\/\/villamorro.com\/de\/zimmer-1","name":"Zimmer1 - villamorro","isPartOf":{"@id":"https:\/\/villamorro.com\/de#website"},"datePublished":"2021-11-28T11:52:00+00:00","dateModified":"2025-02-11T15:13:01+00:00","breadcrumb":{"@id":"https:\/\/villamorro.com\/de\/zimmer-1#breadcrumb"},"inLanguage":"de","potentialAction":[{"@type":"ReadAction","target":["https:\/\/villamorro.com\/de\/zimmer-1"]}]},{"@type":"BreadcrumbList","@id":"https:\/\/villamorro.com\/de\/zimmer-1#breadcrumb","itemListElement":[{"@type":"ListItem","position":1,"name":"Accueil","item":"https:\/\/villamorro.com\/de\/willkommen-auf-villamorro-com"},{"@type":"ListItem","position":2,"name":"Zimmer1"}]},{"@type":"WebSite","@id":"https:\/\/villamorro.com\/de#website","url":"https:\/\/villamorro.com\/de","name":"villamorro","description":"Suites","potentialAction":[{"@type":"SearchAction","target":{"@type":"EntryPoint","urlTemplate":"https:\/\/villamorro.com\/de?s={search_term_string}"},"query-input":"required name=search_term_string"}],"inLanguage":"de"}]}},"_links":{"self":[{"href":"https:\/\/villamorro.com\/de\/wp-json\/wp\/v2\/pages\/2520"}],"collection":[{"href":"https:\/\/villamorro.com\/de\/wp-json\/wp\/v2\/pages"}],"about":[{"href":"https:\/\/villamorro.com\/de\/wp-json\/wp\/v2\/types\/page"}],"author":[{"embeddable":true,"href":"https:\/\/villamorro.com\/de\/wp-json\/wp\/v2\/users\/3"}],"replies":[{"embeddable":true,"href":"https:\/\/villamorro.com\/de\/wp-json\/wp\/v2\/comments?post=2520"}],"version-history":[{"count":25,"href":"https:\/\/villamorro.com\/de\/wp-json\/wp\/v2\/pages\/2520\/revisions"}],"predecessor-version":[{"id":7763,"href":"https:\/\/villamorro.com\/de\/wp-json\/wp\/v2\/pages\/2520\/revisions\/7763"}],"wp:attachment":[{"href":"https:\/\/villamorro.com\/de\/wp-json\/wp\/v2\/media?parent=2520"}],"curies":[{"name":"wp","href":"https:\/\/api.w.org\/{rel}","templated":true}]}}