{"id":2565,"date":"2022-04-26T15:57:45","date_gmt":"2022-04-26T15:57:45","guid":{"rendered":"https:\/\/villamorro.com\/wohlbefinden"},"modified":"2025-02-12T16:43:10","modified_gmt":"2025-02-12T16:43:10","slug":"wohlbefinden","status":"publish","type":"page","link":"https:\/\/villamorro.com\/de\/wohlbefinden","title":{"rendered":"Wohlbefinden"},"content":{"rendered":"<p>[et_pb_section fb_built=&#8220;1&#8243; custom_padding_last_edited=&#8220;off|desktop&#8220; admin_label=&#8220;Header&#8220; _builder_version=&#8220;4.17.3&#8243; _module_preset=&#8220;default&#8220; background_image=&#8220;https:\/\/villamorro.com\/wp-content\/uploads\/2025\/02\/7385large-scaled.jpg&#8220; custom_padding=&#8220;||0px||false|false&#8220; custom_padding_tablet=&#8220;100px||||false|false&#8220; custom_padding_phone=&#8220;50px||||false|false&#8220; da_disable_devices=&#8220;off|off|off&#8220; global_colors_info=&#8220;{}&#8220; da_is_popup=&#8220;off&#8220; da_exit_intent=&#8220;off&#8220; da_has_close=&#8220;on&#8220; da_alt_close=&#8220;off&#8220; da_dark_close=&#8220;off&#8220; da_not_modal=&#8220;on&#8220; da_is_singular=&#8220;off&#8220; da_with_loader=&#8220;off&#8220; da_has_shadow=&#8220;on&#8220;][et_pb_row _builder_version=&#8220;4.16&#8243; _module_preset=&#8220;default&#8220; custom_margin=&#8220;8vw||8vw||true|false&#8220; global_colors_info=&#8220;{}&#8220;][et_pb_column type=&#8220;4_4&#8243; _builder_version=&#8220;4.16&#8243; _module_preset=&#8220;default&#8220; global_colors_info=&#8220;{}&#8220;][dipl_text_highlighter highlighter_content=&#8220;Wohlbefinden&#8220; svg_color=&#8220;#f6be00&#8243; stroke_width=&#8220;2.3&#8243; stroke_paint_delay=&#8220;1&#8243; admin_label=&#8220;DP Text Highlighter&#8220; _builder_version=&#8220;4.17.3&#8243; _module_preset=&#8220;default&#8220; global_body_font=&#8220;ABeeZee||||||||&#8220; global_body_text_align=&#8220;center&#8220; global_body_text_color=&#8220;#FFFFFF&#8220; global_body_font_size=&#8220;2.5vw&#8220; pre_body_font_size=&#8220;200%&#8220; main_body_font_size=&#8220;200%&#8220; post_body_font_size=&#8220;200%&#8220; background_color=&#8220;RGBA(255,255,255,0)&#8220; width=&#8220;91%&#8220; module_alignment=&#8220;center&#8220; min_height=&#8220;15vw&#8220; custom_margin=&#8220;0.9%||4%||false|false&#8220; custom_padding=&#8220;5px||||false|false&#8220; global_body_font_size_tablet=&#8220;2.5vw&#8220; global_body_font_size_phone=&#8220;5vw&#8220; global_body_font_size_last_edited=&#8220;on|phone&#8220; global_body_text_shadow_style=&#8220;preset2&#8243; locked=&#8220;off&#8220; global_colors_info=&#8220;{}&#8220;][\/dipl_text_highlighter][\/et_pb_column][\/et_pb_row][\/et_pb_section][et_pb_section fb_built=&#8220;1&#8243; admin_label=&#8220;About&#8220; _builder_version=&#8220;4.17.3&#8243; _module_preset=&#8220;default&#8220; use_background_color_gradient=&#8220;on&#8220; background_color_gradient_stops=&#8220;#ffffff 0%|#efece4 100%&#8220; background_color_gradient_start=&#8220;#ffffff&#8220; background_color_gradient_end=&#8220;#efece4&#8243; background_enable_image=&#8220;off&#8220; min_height=&#8220;1321.6px&#8220; custom_margin=&#8220;-206px||-113px||false|false&#8220; custom_padding=&#8220;0px||0px|||&#8220; da_disable_devices=&#8220;off|off|off&#8220; global_colors_info=&#8220;{}&#8220; locked=&#8220;off&#8220; da_is_popup=&#8220;off&#8220; da_exit_intent=&#8220;off&#8220; da_has_close=&#8220;on&#8220; da_alt_close=&#8220;off&#8220; da_dark_close=&#8220;off&#8220; da_not_modal=&#8220;on&#8220; da_is_singular=&#8220;off&#8220; da_with_loader=&#8220;off&#8220; da_has_shadow=&#8220;on&#8220;][et_pb_row column_structure=&#8220;3_5,2_5&#8243; _builder_version=&#8220;4.17.3&#8243; _module_preset=&#8220;default&#8220; max_width=&#8220;2560px&#8220; min_height=&#8220;888.3px&#8220; custom_margin=&#8220;|auto|0px|7vw|false|false&#8220; custom_padding=&#8220;0px||0px|||&#8220; hover_enabled=&#8220;0&#8243; global_colors_info=&#8220;{}&#8220; module_alignment=&#8220;center&#8220; sticky_enabled=&#8220;0&#8243;][et_pb_column type=&#8220;3_5&#8243; _builder_version=&#8220;4.16&#8243; _module_preset=&#8220;default&#8220; use_background_color_gradient=&#8220;on&#8220; background_color_gradient_direction=&#8220;90deg&#8220; background_color_gradient_stops=&#8220;#F9C229 50%|rgba(0,0,0,0) 50%&#8220; background_color_gradient_start=&#8220;#F9C229&#8243; background_color_gradient_start_position=&#8220;50%&#8220; background_color_gradient_end=&#8220;rgba(0,0,0,0)&#8220; background_color_gradient_end_position=&#8220;0%&#8220; custom_padding=&#8220;200px||200px||true|false&#8220; custom_padding_tablet=&#8220;&#8220; custom_padding_phone=&#8220;100px||100px||true|false&#8220; custom_padding_last_edited=&#8220;on|phone&#8220; hover_enabled=&#8220;0&#8243; global_colors_info=&#8220;{}&#8220; sticky_enabled=&#8220;0&#8243;][et_pb_image src=&#8220;https:\/\/villamorro.com\/wp-content\/uploads\/2025\/02\/DSC_6337-hdr-scaled.jpg&#8220; title_text=&#8220;DSC_6337-hdr&#8220; _builder_version=&#8220;4.17.3&#8243; _module_preset=&#8220;default&#8220; hover_enabled=&#8220;0&#8243; global_colors_info=&#8220;{}&#8220; sticky_enabled=&#8220;0&#8243;][\/et_pb_image][\/et_pb_column][et_pb_column type=&#8220;2_5&#8243; _builder_version=&#8220;4.16&#8243; _module_preset=&#8220;default&#8220; custom_padding=&#8220;100px||||false|false&#8220; custom_padding_tablet=&#8220;0px||||false|false&#8220; custom_padding_phone=&#8220;&#8220; custom_padding_last_edited=&#8220;on|phone&#8220; global_colors_info=&#8220;{}&#8220; custom_padding__hover_enabled=&#8220;off|desktop&#8220;][et_pb_text _builder_version=&#8220;4.17.3&#8243; _module_preset=&#8220;default&#8220; text_font_size=&#8220;16px&#8220; text_line_height=&#8220;2em&#8220; header_2_font=&#8220;Covered By Your Grace||||||||&#8220; header_2_font_size=&#8220;3.2em&#8220; header_2_letter_spacing=&#8220;5px&#8220; header_2_line_height=&#8220;1.2em&#8220; custom_margin=&#8220;7vw|||100px|false|false&#8220; hover_enabled=&#8220;0&#8243; text_font_size_tablet=&#8220;14px&#8220; text_font_size_phone=&#8220;&#8220; text_font_size_last_edited=&#8220;on|tablet&#8220; header_2_font_size_tablet=&#8220;3em&#8220; header_2_font_size_phone=&#8220;2em&#8220; header_2_font_size_last_edited=&#8220;on|desktop&#8220; locked=&#8220;off&#8220; global_colors_info=&#8220;{}&#8220; sticky_enabled=&#8220;0&#8243;]<\/p>\n<h2><span style=\"color: #00594c;\">Panorama blick<\/span><\/h2>\n<div class=\"t pg-1m0 pg-1x0 pg-1h4 pg-1y4 pg-1ff2 pg-1fs0 pg-1fc0 pg-1sc0 pg-1ls0 pg-1ws0\">\n<p style=\"text-align: justify;\">Der smaragdgr\u00fcne Pool hat eine sch\u00f6ne Gr\u00f6\u00dfe (10m x 6m) und l\u00e4dt zum Schwimmen oder einfach nur zum Abk\u00fchlen ein.<\/p>\n<p style=\"text-align: justify;\">Die ger\u00e4umige Terrasse aus exotischem Holz liegt den ganzen Tag in der Sonne, aber Sie k\u00f6nnen auch Schatten unter den Sonnenschirmen suchen. Am Abend ist sie der ideale Ort, um den Sonnenuntergang \u00fcber den H\u00fcgeln und D\u00f6rfern der Umgebung zu bewundern.<\/p>\n<p style=\"text-align: justify;\">Der Whirlpool ist perfekt f\u00fcr zwei Personen, mit zwei Liegepl\u00e4tzen nebeneinander und einem Sitzplatz. Es ist mit 30 D\u00fcsen f\u00fcr eine effektive Massage von den Beinen bis zum Nacken ausgestattet. Es hat 10 LED-Lichter, um die Vorteile der Farbtherapie zu genie\u00dfen, die K\u00f6rper und Geist hilft.  <\/p>\n<p style=\"text-align: justify;\">Um klares und qualitativ hochwertiges Wasser zu gew\u00e4hrleisten, besitzt er eine mehrstufige Filterung mit einem Ozongenerator, der auf nat\u00fcrliche Weise Keime, Bakterien und Viren abt\u00f6tet.<\/p>\n<p style=\"text-align: justify;\">Im weitl\u00e4ufigen Garten und auf den Terrassen, im Schatten oder in der Sonne, findest du immer einen Liegestuhl, einen Sessel oder ein Sofa f\u00fcr private und entspannende Momente.<\/p>\n<p style=\"text-align: justify;\">All diese Bereiche sind tags\u00fcber und abends kostenlos und exklusiv f\u00fcr unsere G\u00e4ste zug\u00e4nglich.<\/p>\n<\/div>\n<p>[\/et_pb_text][dica_divi_carousel advanced_effect=&#8220;1&#8243; overlay_color_field_bgcolor=&#8220;rgba(255,255,255,0.85)&#8220; _builder_version=&#8220;4.17.3&#8243; _module_preset=&#8220;default&#8220; global_colors_info=&#8220;{}&#8220;][\/dica_divi_carousel][\/et_pb_column][\/et_pb_row][\/et_pb_section][et_pb_section fb_built=&#8220;1&#8243; admin_label=&#8220;Menu&#8220; _builder_version=&#8220;4.17.3&#8243; _module_preset=&#8220;default&#8220; background_enable_image=&#8220;off&#8220; custom_margin=&#8220;-26px|||||&#8220; custom_padding=&#8220;0px||||false|false&#8220; da_disable_devices=&#8220;off|off|off&#8220; global_colors_info=&#8220;{}&#8220; locked=&#8220;off&#8220; da_is_popup=&#8220;off&#8220; da_exit_intent=&#8220;off&#8220; da_has_close=&#8220;on&#8220; da_alt_close=&#8220;off&#8220; da_dark_close=&#8220;off&#8220; da_not_modal=&#8220;on&#8220; da_is_singular=&#8220;off&#8220; da_with_loader=&#8220;off&#8220; da_has_shadow=&#8220;on&#8220;][et_pb_row _builder_version=&#8220;4.17.3&#8243; _module_preset=&#8220;default&#8220; global_colors_info=&#8220;{}&#8220;][et_pb_column type=&#8220;4_4&#8243; _builder_version=&#8220;4.17.3&#8243; _module_preset=&#8220;default&#8220; global_colors_info=&#8220;{}&#8220;][dipl_masonry_gallery image_ids=&#8220;6925,6908,6940,3086,6913,6930,6935,7607,7612,7617,7622,7632,7637,7652,7662,7667,7672,7657,7677,7687,7692&#8243; number_of_columns=&#8220;3&#8243; column_spacing=&#8220;6px&#8220; show_caption=&#8220;on&#8220; caption_area=&#8220;gallery&#8220; enable_lightbox=&#8220;on&#8220; lightbox_title_and_caption_style=&#8220;below_image&#8220; _builder_version=&#8220;4.17.3&#8243; _module_preset=&#8220;default&#8220; caption_font=&#8220;Covered By Your Grace||||||||&#8220; caption_text_align=&#8220;center&#8220; caption_text_color=&#8220;#00594c&#8220; caption_font_size=&#8220;3em&#8220; global_colors_info=&#8220;{}&#8220; locked=&#8220;off&#8220;][\/dipl_masonry_gallery][\/et_pb_column][\/et_pb_row][\/et_pb_section]<\/p>\n","protected":false},"excerpt":{"rendered":"<p><div class=\"et_pb_module dipl_text_highlighter dipl_text_highlighter_0\">\n\t\t\t\t\n\t\t\t\t\n\t\t\t\t\n\t\t\t\t\n\t\t\t\t\n\t\t\t\t\n\t\t\t\t<div class=\"et_pb_module_inner\">\n\t\t\t\t\t<div class=\"dipl_text_highlighter_wrapper dipl_highlighter_text dipl_highlight_zigzag \"><span class=\"dipl_text_highlighter_inner_wrapper\"><span class=\"dipl_text_highlighted_content\">Wohlbefinden<\/span><?xml version=\"1.0\" encoding=\"utf-8\"?><!-- Generator: Adobe Illustrator 24.3.0, SVG Export Plug-In . SVG Version: 6.00 Build 0)  --><svg version=\"1.1\" xmlns=\"http:\/\/www.w3.org\/2000\/svg\" xmlns:xlink=\"http:\/\/www.w3.org\/1999\/xlink\" x=\"0px\" y=\"0px\" viewBox=\"0 0 175.3 17.9\" style=\"enable-background:new 0 0 175.3 17.9;\" xml:space=\"preserve\"><style type=\"text\/css\">.st0{fill:none;stroke:#231F20;stroke-width:2.5;stroke-linecap:round;stroke-linejoin:round;}<\/style><path class=\"st0\" d=\"M4,9.3c0,0,106.8-8.9,167.2-1.9c0,0-91.1-0.4-114.6,3.8c0,0,37-1.7,55.2,1.9\"\/><\/svg><\/span><\/div>\n\t\t\t\t<\/div>\n\t\t\t<\/div>Panorama blick Der smaragdgr\u00fcne Pool hat eine sch\u00f6ne Gr\u00f6\u00dfe (10m x 6m) und l\u00e4dt zum Schwimmen oder einfach nur zum Abk\u00fchlen ein. Die ger\u00e4umige Terrasse aus exotischem [&hellip;]<\/p>\n","protected":false},"author":2,"featured_media":0,"parent":0,"menu_order":0,"comment_status":"closed","ping_status":"closed","template":"","meta":{"_et_pb_use_builder":"on","_et_pb_old_content":"","_et_gb_content_width":"","_exactmetrics_skip_tracking":false,"_exactmetrics_sitenote_active":false,"_exactmetrics_sitenote_note":"","_exactmetrics_sitenote_category":0,"cybocfi_hide_featured_image":""},"yoast_head":"<!-- This site is optimized with the Yoast SEO plugin v20.0 - https:\/\/yoast.com\/wordpress\/plugins\/seo\/ -->\n<title>Wohlbefinden - villamorro<\/title>\n<meta name=\"robots\" content=\"index, follow, max-snippet:-1, max-image-preview:large, max-video-preview:-1\" \/>\n<link rel=\"canonical\" href=\"https:\/\/villamorro.com\/de\/wohlbefinden\" \/>\n<meta property=\"og:locale\" content=\"de_DE\" \/>\n<meta property=\"og:type\" content=\"article\" \/>\n<meta property=\"og:title\" content=\"Wohlbefinden - villamorro\" \/>\n<meta property=\"og:description\" content=\"Panorama blick Der smaragdgr\u00fcne Pool hat eine sch\u00f6ne Gr\u00f6\u00dfe (10m x 6m) und l\u00e4dt zum Schwimmen oder einfach nur zum Abk\u00fchlen ein. Die ger\u00e4umige Terrasse aus exotischem [&hellip;]\" \/>\n<meta property=\"og:url\" content=\"https:\/\/villamorro.com\/de\/wohlbefinden\" \/>\n<meta property=\"og:site_name\" content=\"villamorro\" \/>\n<meta property=\"article:modified_time\" content=\"2025-02-12T16:43:10+00:00\" \/>\n<meta name=\"twitter:card\" content=\"summary_large_image\" \/>\n<meta name=\"twitter:label1\" content=\"Gesch\u00e4tzte Lesezeit\" \/>\n\t<meta name=\"twitter:data1\" content=\"5\u00a0Minuten\" \/>\n<script type=\"application\/ld+json\" class=\"yoast-schema-graph\">{\"@context\":\"https:\/\/schema.org\",\"@graph\":[{\"@type\":\"WebPage\",\"@id\":\"https:\/\/villamorro.com\/de\/wohlbefinden\",\"url\":\"https:\/\/villamorro.com\/de\/wohlbefinden\",\"name\":\"Wohlbefinden - villamorro\",\"isPartOf\":{\"@id\":\"https:\/\/villamorro.com\/de#website\"},\"datePublished\":\"2022-04-26T15:57:45+00:00\",\"dateModified\":\"2025-02-12T16:43:10+00:00\",\"breadcrumb\":{\"@id\":\"https:\/\/villamorro.com\/de\/wohlbefinden#breadcrumb\"},\"inLanguage\":\"de\",\"potentialAction\":[{\"@type\":\"ReadAction\",\"target\":[\"https:\/\/villamorro.com\/de\/wohlbefinden\"]}]},{\"@type\":\"BreadcrumbList\",\"@id\":\"https:\/\/villamorro.com\/de\/wohlbefinden#breadcrumb\",\"itemListElement\":[{\"@type\":\"ListItem\",\"position\":1,\"name\":\"Accueil\",\"item\":\"https:\/\/villamorro.com\/de\/willkommen-auf-villamorro-com\"},{\"@type\":\"ListItem\",\"position\":2,\"name\":\"Wohlbefinden\"}]},{\"@type\":\"WebSite\",\"@id\":\"https:\/\/villamorro.com\/de#website\",\"url\":\"https:\/\/villamorro.com\/de\",\"name\":\"villamorro\",\"description\":\"Suites\",\"potentialAction\":[{\"@type\":\"SearchAction\",\"target\":{\"@type\":\"EntryPoint\",\"urlTemplate\":\"https:\/\/villamorro.com\/de?s={search_term_string}\"},\"query-input\":\"required name=search_term_string\"}],\"inLanguage\":\"de\"}]}<\/script>\n<!-- \/ Yoast SEO plugin. -->","yoast_head_json":{"title":"Wohlbefinden - villamorro","robots":{"index":"index","follow":"follow","max-snippet":"max-snippet:-1","max-image-preview":"max-image-preview:large","max-video-preview":"max-video-preview:-1"},"canonical":"https:\/\/villamorro.com\/de\/wohlbefinden","og_locale":"de_DE","og_type":"article","og_title":"Wohlbefinden - villamorro","og_description":"Panorama blick Der smaragdgr\u00fcne Pool hat eine sch\u00f6ne Gr\u00f6\u00dfe (10m x 6m) und l\u00e4dt zum Schwimmen oder einfach nur zum Abk\u00fchlen ein. Die ger\u00e4umige Terrasse aus exotischem [&hellip;]","og_url":"https:\/\/villamorro.com\/de\/wohlbefinden","og_site_name":"villamorro","article_modified_time":"2025-02-12T16:43:10+00:00","twitter_card":"summary_large_image","twitter_misc":{"Gesch\u00e4tzte Lesezeit":"5\u00a0Minuten"},"schema":{"@context":"https:\/\/schema.org","@graph":[{"@type":"WebPage","@id":"https:\/\/villamorro.com\/de\/wohlbefinden","url":"https:\/\/villamorro.com\/de\/wohlbefinden","name":"Wohlbefinden - villamorro","isPartOf":{"@id":"https:\/\/villamorro.com\/de#website"},"datePublished":"2022-04-26T15:57:45+00:00","dateModified":"2025-02-12T16:43:10+00:00","breadcrumb":{"@id":"https:\/\/villamorro.com\/de\/wohlbefinden#breadcrumb"},"inLanguage":"de","potentialAction":[{"@type":"ReadAction","target":["https:\/\/villamorro.com\/de\/wohlbefinden"]}]},{"@type":"BreadcrumbList","@id":"https:\/\/villamorro.com\/de\/wohlbefinden#breadcrumb","itemListElement":[{"@type":"ListItem","position":1,"name":"Accueil","item":"https:\/\/villamorro.com\/de\/willkommen-auf-villamorro-com"},{"@type":"ListItem","position":2,"name":"Wohlbefinden"}]},{"@type":"WebSite","@id":"https:\/\/villamorro.com\/de#website","url":"https:\/\/villamorro.com\/de","name":"villamorro","description":"Suites","potentialAction":[{"@type":"SearchAction","target":{"@type":"EntryPoint","urlTemplate":"https:\/\/villamorro.com\/de?s={search_term_string}"},"query-input":"required name=search_term_string"}],"inLanguage":"de"}]}},"_links":{"self":[{"href":"https:\/\/villamorro.com\/de\/wp-json\/wp\/v2\/pages\/2565"}],"collection":[{"href":"https:\/\/villamorro.com\/de\/wp-json\/wp\/v2\/pages"}],"about":[{"href":"https:\/\/villamorro.com\/de\/wp-json\/wp\/v2\/types\/page"}],"author":[{"embeddable":true,"href":"https:\/\/villamorro.com\/de\/wp-json\/wp\/v2\/users\/2"}],"replies":[{"embeddable":true,"href":"https:\/\/villamorro.com\/de\/wp-json\/wp\/v2\/comments?post=2565"}],"version-history":[{"count":51,"href":"https:\/\/villamorro.com\/de\/wp-json\/wp\/v2\/pages\/2565\/revisions"}],"predecessor-version":[{"id":8026,"href":"https:\/\/villamorro.com\/de\/wp-json\/wp\/v2\/pages\/2565\/revisions\/8026"}],"wp:attachment":[{"href":"https:\/\/villamorro.com\/de\/wp-json\/wp\/v2\/media?parent=2565"}],"curies":[{"name":"wp","href":"https:\/\/api.w.org\/{rel}","templated":true}]}}