{"id":2583,"date":"2022-04-26T21:30:22","date_gmt":"2022-04-26T21:30:22","guid":{"rendered":"https:\/\/villamorro.com\/gut-essen"},"modified":"2025-08-06T11:56:35","modified_gmt":"2025-08-06T11:56:35","slug":"gut-essen","status":"publish","type":"page","link":"https:\/\/villamorro.com\/de\/gut-essen","title":{"rendered":"Gut essen"},"content":{"rendered":"<p>[et_pb_section fb_built=&#8220;1&#8243; custom_padding_last_edited=&#8220;off|desktop&#8220; admin_label=&#8220;Header&#8220; _builder_version=&#8220;4.17.3&#8243; _module_preset=&#8220;default&#8220; background_image=&#8220;https:\/\/villamorro.com\/wp-content\/uploads\/2025\/02\/top_eating_well.png&#8220; custom_padding=&#8220;||125px||false|false&#8220; custom_padding_tablet=&#8220;100px||||false|false&#8220; custom_padding_phone=&#8220;50px||||false|false&#8220; da_disable_devices=&#8220;off|off|off&#8220; global_colors_info=&#8220;{}&#8220; da_is_popup=&#8220;off&#8220; da_exit_intent=&#8220;off&#8220; da_has_close=&#8220;on&#8220; da_alt_close=&#8220;off&#8220; da_dark_close=&#8220;off&#8220; da_not_modal=&#8220;on&#8220; da_is_singular=&#8220;off&#8220; da_with_loader=&#8220;off&#8220; da_has_shadow=&#8220;on&#8220;][et_pb_row _builder_version=&#8220;4.16&#8243; _module_preset=&#8220;default&#8220; custom_margin=&#8220;8vw||8vw||true|false&#8220; global_colors_info=&#8220;{}&#8220;][et_pb_column type=&#8220;4_4&#8243; _builder_version=&#8220;4.16&#8243; _module_preset=&#8220;default&#8220; global_colors_info=&#8220;{}&#8220;][dipl_text_highlighter highlighter_content=&#8220;Gut essen&#8220; svg_color=&#8220;#f6be00&#8243; stroke_width=&#8220;2.3&#8243; stroke_paint_delay=&#8220;1&#8243; admin_label=&#8220;DP Text Highlighter&#8220; _builder_version=&#8220;4.17.3&#8243; _module_preset=&#8220;default&#8220; global_body_font=&#8220;ABeeZee||||||||&#8220; global_body_text_align=&#8220;center&#8220; global_body_text_color=&#8220;#FFFFFF&#8220; global_body_font_size=&#8220;2.5vw&#8220; pre_body_font_size=&#8220;200%&#8220; main_body_font_size=&#8220;200%&#8220; post_body_font_size=&#8220;200%&#8220; background_color=&#8220;RGBA(255,255,255,0)&#8220; width=&#8220;91%&#8220; module_alignment=&#8220;center&#8220; min_height=&#8220;15vw&#8220; custom_margin=&#8220;-20%||4%||false|false&#8220; custom_padding=&#8220;227px||||false|false&#8220; global_body_font_size_tablet=&#8220;2.5vw&#8220; global_body_font_size_phone=&#8220;6vw&#8220; global_body_font_size_last_edited=&#8220;on|phone&#8220; global_body_text_shadow_style=&#8220;preset2&#8243; locked=&#8220;off&#8220; global_colors_info=&#8220;{}&#8220;][\/dipl_text_highlighter][\/et_pb_column][\/et_pb_row][\/et_pb_section][et_pb_section fb_built=&#8220;1&#8243; admin_label=&#8220;About&#8220; _builder_version=&#8220;4.17.3&#8243; _module_preset=&#8220;default&#8220; use_background_color_gradient=&#8220;on&#8220; background_color_gradient_stops=&#8220;#ffffff 0%|#efece4 100%&#8220; background_color_gradient_start=&#8220;#ffffff&#8220; background_color_gradient_end=&#8220;#efece4&#8243; background_enable_image=&#8220;off&#8220; min_height=&#8220;1321.6px&#8220; custom_margin=&#8220;-206px||||false|false&#8220; custom_padding=&#8220;0px|||||&#8220; da_disable_devices=&#8220;off|off|off&#8220; global_colors_info=&#8220;{}&#8220; da_is_popup=&#8220;off&#8220; da_exit_intent=&#8220;off&#8220; da_has_close=&#8220;on&#8220; da_alt_close=&#8220;off&#8220; da_dark_close=&#8220;off&#8220; da_not_modal=&#8220;on&#8220; da_is_singular=&#8220;off&#8220; da_with_loader=&#8220;off&#8220; da_has_shadow=&#8220;on&#8220;][et_pb_row column_structure=&#8220;3_5,2_5&#8243; _builder_version=&#8220;4.17.3&#8243; _module_preset=&#8220;default&#8220; max_width=&#8220;2560px&#8220; module_alignment=&#8220;center&#8220; min_height=&#8220;888.3px&#8220; custom_margin=&#8220;|auto|0px|0vw|false|false&#8220; custom_padding=&#8220;0px||0px|||&#8220; global_colors_info=&#8220;{}&#8220;][et_pb_column type=&#8220;3_5&#8243; _builder_version=&#8220;4.16&#8243; _module_preset=&#8220;default&#8220; use_background_color_gradient=&#8220;on&#8220; background_color_gradient_direction=&#8220;90deg&#8220; background_color_gradient_stops=&#8220;#F9C229 50%|rgba(0,0,0,0) 50%&#8220; background_color_gradient_start=&#8220;#F9C229&#8243; background_color_gradient_start_position=&#8220;50%&#8220; background_color_gradient_end=&#8220;rgba(0,0,0,0)&#8220; background_color_gradient_end_position=&#8220;0%&#8220; custom_padding=&#8220;200px||200px||true|false&#8220; custom_padding_tablet=&#8220;&#8220; custom_padding_phone=&#8220;100px||100px||true|false&#8220; custom_padding_last_edited=&#8220;on|phone&#8220; global_colors_info=&#8220;{}&#8220;][et_pb_image src=&#8220;https:\/\/villamorro.com\/wp-content\/uploads\/2025\/02\/DSC_4987-hdr-scaled.jpg&#8220; title_text=&#8220;DSC_4987-hdr&#8220; _builder_version=&#8220;4.17.3&#8243; _module_preset=&#8220;default&#8220; global_colors_info=&#8220;{}&#8220;][\/et_pb_image][\/et_pb_column][et_pb_column type=&#8220;2_5&#8243; _builder_version=&#8220;4.16&#8243; _module_preset=&#8220;default&#8220; custom_padding=&#8220;100px||||false|false&#8220; custom_padding_tablet=&#8220;0px||||false|false&#8220; custom_padding_phone=&#8220;&#8220; custom_padding_last_edited=&#8220;on|phone&#8220; global_colors_info=&#8220;{}&#8220; custom_padding__hover_enabled=&#8220;off|desktop&#8220;][et_pb_text _builder_version=&#8220;4.17.3&#8243; _module_preset=&#8220;default&#8220; text_font_size=&#8220;16px&#8220; text_line_height=&#8220;2em&#8220; header_2_font=&#8220;Covered By Your Grace||||||||&#8220; header_2_font_size=&#8220;3.2em&#8220; header_2_letter_spacing=&#8220;5px&#8220; header_2_line_height=&#8220;1.2em&#8220; custom_margin=&#8220;-2px|||100px|false|false&#8220; text_font_size_tablet=&#8220;14px&#8220; text_font_size_phone=&#8220;&#8220; text_font_size_last_edited=&#8220;on|tablet&#8220; header_2_font_size_tablet=&#8220;3em&#8220; header_2_font_size_phone=&#8220;2em&#8220; header_2_font_size_last_edited=&#8220;on|desktop&#8220; locked=&#8220;off&#8220; global_colors_info=&#8220;{}&#8220;]<\/p>\n<h2><span style=\"color: #00594c;\">Ein reichhaltiges s\u00fc\u00dfes und herzhaftes Fr\u00fchst\u00fccksbuffet (optional, gegen Aufpreis)<\/span><\/h2>\n<div class=\"t pg-1m0 pg-1x0 pg-1h4 pg-1y4 pg-1ff2 pg-1fs0 pg-1fc0 pg-1sc0 pg-1ls0 pg-1ws0\">Das Fr\u00fchst\u00fcck ist ein wichtiger Moment, um einen sch\u00f6nen Tag zu beginnen.<\/div>\n<div class=\"t pg-1m0 pg-1x0 pg-1h4 pg-1y4 pg-1ff2 pg-1fs0 pg-1fc0 pg-1sc0 pg-1ls0 pg-1ws0\">Es wird Ihnen nach Belieben serviert, entweder im klimatisierten Wintergarten oder im Freien, immer mit einem entspannenden Blick auf den Pool und die Natur.<\/div>\n<div class=\"t pg-1m0 pg-1x0 pg-1h4 pg-1y4 pg-1ff2 pg-1fs0 pg-1fc0 pg-1sc0 pg-1ls0 pg-1ws0\">Bei unserem Buffet achten wir darauf, Ihnen ein breites Angebot mit qualitativ hochwertigen Produkten zu bieten. Es liegt uns am Herzen, mit lokalen Produzenten zusammenzuarbeiten.<\/div>\n<div class=\"t pg-1m0 pg-1x0 pg-1h4 pg-1y4 pg-1ff2 pg-1fs0 pg-1fc0 pg-1sc0 pg-1ls0 pg-1ws0\">F\u00fcr die s\u00fc\u00dfe Seite finden Sie eine Auswahl an hausgemachten Kuchen, Croissants, Keksen, frischem Obst der Saison, Kompotte, M\u00fcsli, Trockenfr\u00fcchte und Joghurt, wenn m\u00f6glich in Bio-Qualit\u00e4t.<\/div>\n<div class=\"t pg-1m0 pg-1x0 pg-1h4 pg-1y4 pg-1ff2 pg-1fs0 pg-1fc0 pg-1sc0 pg-1ls0 pg-1ws0\">Wir haben verschiedene Brotsorten, ger\u00f6stet oder unger\u00f6stet. K\u00e4se, Butter, hausgemachte Marmelade und Honig aus der Region f\u00fcllen Ihre Toasts.<br \/>F\u00fcr die herzhafte Seite m\u00fcssen Sie unbedingt die hervorragenden K\u00e4sesorten und Wurstwaren der Region probieren.<\/div>\n<div class=\"t pg-1m0 pg-1x0 pg-1h4 pg-1y4 pg-1ff2 pg-1fs0 pg-1fc0 pg-1sc0 pg-1ls0 pg-1ws0\">Auf Wunsch bereiten wir Bio-Eier f\u00fcr Sie zu.<\/div>\n<div class=\"t pg-1m0 pg-1x0 pg-1h4 pg-1y4 pg-1ff2 pg-1fs0 pg-1fc0 pg-1sc0 pg-1ls0 pg-1ws0\">All dies wird von einer Auswahl an Hei\u00dfgetr\u00e4nken und frisch gepresstem Orangensaft begleitet, der auf Wunsch gepresst wird.<\/div>\n<div class=\"t pg-1m0 pg-1x0 pg-1h4 pg-1y4 pg-1ff2 pg-1fs0 pg-1fc0 pg-1sc0 pg-1ls0 pg-1ws0\">Soweit m\u00f6glich, werden wir Ihre Allergiebed\u00fcrfnisse erf\u00fcllen.<\/div>\n<p>[\/et_pb_text][et_pb_text _builder_version=&#8220;4.17.3&#8243; _module_preset=&#8220;default&#8220; text_font_size=&#8220;12px&#8220; text_line_height=&#8220;2em&#8220; header_font_size=&#8220;26px&#8220; header_2_font=&#8220;Covered By Your Grace||||||||&#8220; header_2_text_align=&#8220;center&#8220; header_2_font_size=&#8220;3em&#8220; header_2_letter_spacing=&#8220;5px&#8220; header_2_line_height=&#8220;1.1em&#8220; module_alignment=&#8220;center&#8220; custom_margin=&#8220;4vh||||false|false&#8220; custom_margin_tablet=&#8220;8vh||||false|false&#8220; custom_margin_phone=&#8220;0vh||||false|false&#8220; custom_margin_last_edited=&#8220;on|phone&#8220; text_font_size_tablet=&#8220;14px&#8220; text_font_size_phone=&#8220;&#8220; text_font_size_last_edited=&#8220;on|tablet&#8220; header_2_font_size_tablet=&#8220;36px&#8220; header_2_font_size_phone=&#8220;1.8em&#8220; header_2_font_size_last_edited=&#8220;on|desktop&#8220; locked=&#8220;off&#8220; global_colors_info=&#8220;{}&#8220;]<\/p>\n<h2><\/h2>\n<h2><span style=\"color: #00594c;\">Aperitif am Abend (optional, gegen Aufpreis).  <\/span><\/h2>\n<p>[\/et_pb_text][et_pb_image src=&#8220;https:\/\/villamorro.com\/wp-content\/uploads\/2025\/02\/DSC_5181-scaled.jpg&#8220; title_text=&#8220;DSC_5181&#8243; align=&#8220;center&#8220; _builder_version=&#8220;4.17.3&#8243; _module_preset=&#8220;default&#8220; width=&#8220;85%&#8220; custom_margin=&#8220;0vw||||false|false&#8220; global_colors_info=&#8220;{}&#8220;][\/et_pb_image][dica_divi_carousel advanced_effect=&#8220;1&#8243; overlay_color_field_bgcolor=&#8220;rgba(255,255,255,0.85)&#8220; _builder_version=&#8220;4.17.3&#8243; _module_preset=&#8220;default&#8220; global_colors_info=&#8220;{}&#8220;][\/dica_divi_carousel][\/et_pb_column][\/et_pb_row][\/et_pb_section][et_pb_section fb_built=&#8220;1&#8243; admin_label=&#8220;Menu&#8220; _builder_version=&#8220;4.17.3&#8243; _module_preset=&#8220;default&#8220; background_enable_image=&#8220;off&#8220; custom_margin=&#8220;17px|||||&#8220; custom_padding=&#8220;0px||||false|false&#8220; da_disable_devices=&#8220;off|off|off&#8220; global_colors_info=&#8220;{}&#8220; da_is_popup=&#8220;off&#8220; da_exit_intent=&#8220;off&#8220; da_has_close=&#8220;on&#8220; da_alt_close=&#8220;off&#8220; da_dark_close=&#8220;off&#8220; da_not_modal=&#8220;on&#8220; da_is_singular=&#8220;off&#8220; da_with_loader=&#8220;off&#8220; da_has_shadow=&#8220;on&#8220;][et_pb_row _builder_version=&#8220;4.17.3&#8243; _module_preset=&#8220;default&#8220; global_colors_info=&#8220;{}&#8220;][et_pb_column type=&#8220;4_4&#8243; _builder_version=&#8220;4.17.3&#8243; _module_preset=&#8220;default&#8220; global_colors_info=&#8220;{}&#8220;][dipl_masonry_gallery image_ids=&#8220;6976,7819,7829,7839,7849,7854,7859,7864,7869,7874,7879,7889,7894,7844,7834,7912&#8243; number_of_columns=&#8220;3&#8243; enable_lightbox=&#8220;on&#8220; _builder_version=&#8220;4.17.3&#8243; _module_preset=&#8220;default&#8220; global_colors_info=&#8220;{}&#8220;][\/dipl_masonry_gallery][\/et_pb_column][\/et_pb_row][\/et_pb_section]<\/p>\n","protected":false},"excerpt":{"rendered":"<p><div class=\"et_pb_module dipl_text_highlighter dipl_text_highlighter_0\">\n\t\t\t\t\n\t\t\t\t\n\t\t\t\t\n\t\t\t\t\n\t\t\t\t\n\t\t\t\t\n\t\t\t\t<div class=\"et_pb_module_inner\">\n\t\t\t\t\t<div class=\"dipl_text_highlighter_wrapper dipl_highlighter_text dipl_highlight_zigzag \"><span class=\"dipl_text_highlighter_inner_wrapper\"><span class=\"dipl_text_highlighted_content\">Gut essen<\/span><?xml version=\"1.0\" encoding=\"utf-8\"?><!-- Generator: Adobe Illustrator 24.3.0, SVG Export Plug-In . SVG Version: 6.00 Build 0)  --><svg version=\"1.1\" xmlns=\"http:\/\/www.w3.org\/2000\/svg\" xmlns:xlink=\"http:\/\/www.w3.org\/1999\/xlink\" x=\"0px\" y=\"0px\" viewBox=\"0 0 175.3 17.9\" style=\"enable-background:new 0 0 175.3 17.9;\" xml:space=\"preserve\"><style type=\"text\/css\">.st0{fill:none;stroke:#231F20;stroke-width:2.5;stroke-linecap:round;stroke-linejoin:round;}<\/style><path class=\"st0\" d=\"M4,9.3c0,0,106.8-8.9,167.2-1.9c0,0-91.1-0.4-114.6,3.8c0,0,37-1.7,55.2,1.9\"\/><\/svg><\/span><\/div>\n\t\t\t\t<\/div>\n\t\t\t<\/div>Ein reichhaltiges s\u00fc\u00dfes und herzhaftes Fr\u00fchst\u00fccksbuffet (optional, gegen Aufpreis) Das Fr\u00fchst\u00fcck ist ein wichtiger Moment, um einen sch\u00f6nen Tag zu beginnen. Es wird Ihnen nach Belieben [&hellip;]<\/p>\n","protected":false},"author":2,"featured_media":0,"parent":0,"menu_order":0,"comment_status":"closed","ping_status":"closed","template":"","meta":{"_et_pb_use_builder":"on","_et_pb_old_content":"","_et_gb_content_width":"","_exactmetrics_skip_tracking":false,"_exactmetrics_sitenote_active":false,"_exactmetrics_sitenote_note":"","_exactmetrics_sitenote_category":0,"cybocfi_hide_featured_image":""},"yoast_head":"<!-- This site is optimized with the Yoast SEO plugin v20.0 - https:\/\/yoast.com\/wordpress\/plugins\/seo\/ -->\n<title>Gut essen - villamorro<\/title>\n<meta name=\"robots\" content=\"index, follow, max-snippet:-1, max-image-preview:large, max-video-preview:-1\" \/>\n<link rel=\"canonical\" href=\"https:\/\/villamorro.com\/de\/gut-essen\" \/>\n<meta property=\"og:locale\" content=\"de_DE\" \/>\n<meta property=\"og:type\" content=\"article\" \/>\n<meta property=\"og:title\" content=\"Gut essen - villamorro\" \/>\n<meta property=\"og:description\" content=\"Ein reichhaltiges s\u00fc\u00dfes und herzhaftes Fr\u00fchst\u00fccksbuffet (optional, gegen Aufpreis) Das Fr\u00fchst\u00fcck ist ein wichtiger Moment, um einen sch\u00f6nen Tag zu beginnen. Es wird Ihnen nach Belieben [&hellip;]\" \/>\n<meta property=\"og:url\" content=\"https:\/\/villamorro.com\/de\/gut-essen\" \/>\n<meta property=\"og:site_name\" content=\"villamorro\" \/>\n<meta property=\"article:modified_time\" content=\"2025-08-06T11:56:35+00:00\" \/>\n<meta name=\"twitter:card\" content=\"summary_large_image\" \/>\n<meta name=\"twitter:label1\" content=\"Gesch\u00e4tzte Lesezeit\" \/>\n\t<meta name=\"twitter:data1\" content=\"5\u00a0Minuten\" \/>\n<script type=\"application\/ld+json\" class=\"yoast-schema-graph\">{\"@context\":\"https:\/\/schema.org\",\"@graph\":[{\"@type\":\"WebPage\",\"@id\":\"https:\/\/villamorro.com\/de\/gut-essen\",\"url\":\"https:\/\/villamorro.com\/de\/gut-essen\",\"name\":\"Gut essen - villamorro\",\"isPartOf\":{\"@id\":\"https:\/\/villamorro.com\/de#website\"},\"datePublished\":\"2022-04-26T21:30:22+00:00\",\"dateModified\":\"2025-08-06T11:56:35+00:00\",\"breadcrumb\":{\"@id\":\"https:\/\/villamorro.com\/de\/gut-essen#breadcrumb\"},\"inLanguage\":\"de\",\"potentialAction\":[{\"@type\":\"ReadAction\",\"target\":[\"https:\/\/villamorro.com\/de\/gut-essen\"]}]},{\"@type\":\"BreadcrumbList\",\"@id\":\"https:\/\/villamorro.com\/de\/gut-essen#breadcrumb\",\"itemListElement\":[{\"@type\":\"ListItem\",\"position\":1,\"name\":\"Accueil\",\"item\":\"https:\/\/villamorro.com\/de\/willkommen-auf-villamorro-com\"},{\"@type\":\"ListItem\",\"position\":2,\"name\":\"Gut essen\"}]},{\"@type\":\"WebSite\",\"@id\":\"https:\/\/villamorro.com\/de#website\",\"url\":\"https:\/\/villamorro.com\/de\",\"name\":\"villamorro\",\"description\":\"Suites\",\"potentialAction\":[{\"@type\":\"SearchAction\",\"target\":{\"@type\":\"EntryPoint\",\"urlTemplate\":\"https:\/\/villamorro.com\/de?s={search_term_string}\"},\"query-input\":\"required name=search_term_string\"}],\"inLanguage\":\"de\"}]}<\/script>\n<!-- \/ Yoast SEO plugin. -->","yoast_head_json":{"title":"Gut essen - villamorro","robots":{"index":"index","follow":"follow","max-snippet":"max-snippet:-1","max-image-preview":"max-image-preview:large","max-video-preview":"max-video-preview:-1"},"canonical":"https:\/\/villamorro.com\/de\/gut-essen","og_locale":"de_DE","og_type":"article","og_title":"Gut essen - villamorro","og_description":"Ein reichhaltiges s\u00fc\u00dfes und herzhaftes Fr\u00fchst\u00fccksbuffet (optional, gegen Aufpreis) Das Fr\u00fchst\u00fcck ist ein wichtiger Moment, um einen sch\u00f6nen Tag zu beginnen. Es wird Ihnen nach Belieben [&hellip;]","og_url":"https:\/\/villamorro.com\/de\/gut-essen","og_site_name":"villamorro","article_modified_time":"2025-08-06T11:56:35+00:00","twitter_card":"summary_large_image","twitter_misc":{"Gesch\u00e4tzte Lesezeit":"5\u00a0Minuten"},"schema":{"@context":"https:\/\/schema.org","@graph":[{"@type":"WebPage","@id":"https:\/\/villamorro.com\/de\/gut-essen","url":"https:\/\/villamorro.com\/de\/gut-essen","name":"Gut essen - villamorro","isPartOf":{"@id":"https:\/\/villamorro.com\/de#website"},"datePublished":"2022-04-26T21:30:22+00:00","dateModified":"2025-08-06T11:56:35+00:00","breadcrumb":{"@id":"https:\/\/villamorro.com\/de\/gut-essen#breadcrumb"},"inLanguage":"de","potentialAction":[{"@type":"ReadAction","target":["https:\/\/villamorro.com\/de\/gut-essen"]}]},{"@type":"BreadcrumbList","@id":"https:\/\/villamorro.com\/de\/gut-essen#breadcrumb","itemListElement":[{"@type":"ListItem","position":1,"name":"Accueil","item":"https:\/\/villamorro.com\/de\/willkommen-auf-villamorro-com"},{"@type":"ListItem","position":2,"name":"Gut essen"}]},{"@type":"WebSite","@id":"https:\/\/villamorro.com\/de#website","url":"https:\/\/villamorro.com\/de","name":"villamorro","description":"Suites","potentialAction":[{"@type":"SearchAction","target":{"@type":"EntryPoint","urlTemplate":"https:\/\/villamorro.com\/de?s={search_term_string}"},"query-input":"required name=search_term_string"}],"inLanguage":"de"}]}},"_links":{"self":[{"href":"https:\/\/villamorro.com\/de\/wp-json\/wp\/v2\/pages\/2583"}],"collection":[{"href":"https:\/\/villamorro.com\/de\/wp-json\/wp\/v2\/pages"}],"about":[{"href":"https:\/\/villamorro.com\/de\/wp-json\/wp\/v2\/types\/page"}],"author":[{"embeddable":true,"href":"https:\/\/villamorro.com\/de\/wp-json\/wp\/v2\/users\/2"}],"replies":[{"embeddable":true,"href":"https:\/\/villamorro.com\/de\/wp-json\/wp\/v2\/comments?post=2583"}],"version-history":[{"count":33,"href":"https:\/\/villamorro.com\/de\/wp-json\/wp\/v2\/pages\/2583\/revisions"}],"predecessor-version":[{"id":8109,"href":"https:\/\/villamorro.com\/de\/wp-json\/wp\/v2\/pages\/2583\/revisions\/8109"}],"wp:attachment":[{"href":"https:\/\/villamorro.com\/de\/wp-json\/wp\/v2\/media?parent=2583"}],"curies":[{"name":"wp","href":"https:\/\/api.w.org\/{rel}","templated":true}]}}