{"id":1720,"date":"2022-04-26T21:30:22","date_gmt":"2022-04-26T21:30:22","guid":{"rendered":"https:\/\/villamorro.com\/bien-manger"},"modified":"2025-08-06T11:55:46","modified_gmt":"2025-08-06T11:55:46","slug":"bien-manger","status":"publish","type":"page","link":"https:\/\/villamorro.com\/fr\/bien-manger","title":{"rendered":"Bien manger"},"content":{"rendered":"<p>[et_pb_section fb_built=\u00a0\u00bb1&Prime; custom_padding_last_edited=\u00a0\u00bboff|desktop\u00a0\u00bb admin_label=\u00a0\u00bbHeader\u00a0\u00bb _builder_version=\u00a0\u00bb4.17.3&Prime; _module_preset=\u00a0\u00bbdefault\u00a0\u00bb background_image=\u00a0\u00bbhttps:\/\/villamorro.com\/wp-content\/uploads\/2025\/02\/top_eating_well.png\u00a0\u00bb custom_padding=\u00a0\u00bb||125px||false|false\u00a0\u00bb custom_padding_tablet=\u00a0\u00bb100px||||false|false\u00a0\u00bb custom_padding_phone=\u00a0\u00bb50px||||false|false\u00a0\u00bb da_disable_devices=\u00a0\u00bboff|off|off\u00a0\u00bb global_colors_info=\u00a0\u00bb{}\u00a0\u00bb da_is_popup=\u00a0\u00bboff\u00a0\u00bb da_exit_intent=\u00a0\u00bboff\u00a0\u00bb da_has_close=\u00a0\u00bbon\u00a0\u00bb da_alt_close=\u00a0\u00bboff\u00a0\u00bb da_dark_close=\u00a0\u00bboff\u00a0\u00bb da_not_modal=\u00a0\u00bbon\u00a0\u00bb da_is_singular=\u00a0\u00bboff\u00a0\u00bb da_with_loader=\u00a0\u00bboff\u00a0\u00bb da_has_shadow=\u00a0\u00bbon\u00a0\u00bb][et_pb_row _builder_version=\u00a0\u00bb4.16&Prime; _module_preset=\u00a0\u00bbdefault\u00a0\u00bb custom_margin=\u00a0\u00bb8vw||8vw||true|false\u00a0\u00bb global_colors_info=\u00a0\u00bb{}\u00a0\u00bb][et_pb_column type=\u00a0\u00bb4_4&Prime; _builder_version=\u00a0\u00bb4.16&Prime; _module_preset=\u00a0\u00bbdefault\u00a0\u00bb global_colors_info=\u00a0\u00bb{}\u00a0\u00bb][dipl_text_highlighter highlighter_content=\u00a0\u00bbBien Manger\u00a0\u00bb svg_color=\u00a0\u00bb#f6be00&Prime; stroke_width=\u00a0\u00bb2.3&Prime; stroke_paint_delay=\u00a0\u00bb1&Prime; admin_label=\u00a0\u00bbDP Text Highlighter\u00a0\u00bb _builder_version=\u00a0\u00bb4.17.3&Prime; _module_preset=\u00a0\u00bbdefault\u00a0\u00bb global_body_font=\u00a0\u00bbABeeZee||||||||\u00a0\u00bb global_body_text_align=\u00a0\u00bbcenter\u00a0\u00bb global_body_text_color=\u00a0\u00bb#FFFFFF\u00a0\u00bb global_body_font_size=\u00a0\u00bb2.5vw\u00a0\u00bb pre_body_font_size=\u00a0\u00bb200%\u00a0\u00bb main_body_font_size=\u00a0\u00bb200%\u00a0\u00bb post_body_font_size=\u00a0\u00bb200%\u00a0\u00bb background_color=\u00a0\u00bbRGBA(255,255,255,0)\u00a0\u00bb width=\u00a0\u00bb91%\u00a0\u00bb module_alignment=\u00a0\u00bbcenter\u00a0\u00bb min_height=\u00a0\u00bb15vw\u00a0\u00bb custom_margin=\u00a0\u00bb-20%||4%||false|false\u00a0\u00bb custom_padding=\u00a0\u00bb227px||||false|false\u00a0\u00bb global_body_font_size_tablet=\u00a0\u00bb2.5vw\u00a0\u00bb global_body_font_size_phone=\u00a0\u00bb6vw\u00a0\u00bb global_body_font_size_last_edited=\u00a0\u00bbon|phone\u00a0\u00bb global_body_text_shadow_style=\u00a0\u00bbpreset2&Prime; locked=\u00a0\u00bboff\u00a0\u00bb global_colors_info=\u00a0\u00bb{}\u00a0\u00bb][\/dipl_text_highlighter][\/et_pb_column][\/et_pb_row][\/et_pb_section][et_pb_section fb_built=\u00a0\u00bb1&Prime; admin_label=\u00a0\u00bbAbout\u00a0\u00bb _builder_version=\u00a0\u00bb4.17.3&Prime; _module_preset=\u00a0\u00bbdefault\u00a0\u00bb use_background_color_gradient=\u00a0\u00bbon\u00a0\u00bb background_color_gradient_stops=\u00a0\u00bb#ffffff 0%|#efece4 100%\u00a0\u00bb background_color_gradient_start=\u00a0\u00bb#ffffff\u00a0\u00bb background_color_gradient_end=\u00a0\u00bb#efece4&Prime; background_enable_image=\u00a0\u00bboff\u00a0\u00bb min_height=\u00a0\u00bb1321.6px\u00a0\u00bb custom_margin=\u00a0\u00bb-206px||||false|false\u00a0\u00bb custom_padding=\u00a0\u00bb0px|||||\u00a0\u00bb da_disable_devices=\u00a0\u00bboff|off|off\u00a0\u00bb global_colors_info=\u00a0\u00bb{}\u00a0\u00bb da_is_popup=\u00a0\u00bboff\u00a0\u00bb da_exit_intent=\u00a0\u00bboff\u00a0\u00bb da_has_close=\u00a0\u00bbon\u00a0\u00bb da_alt_close=\u00a0\u00bboff\u00a0\u00bb da_dark_close=\u00a0\u00bboff\u00a0\u00bb da_not_modal=\u00a0\u00bbon\u00a0\u00bb da_is_singular=\u00a0\u00bboff\u00a0\u00bb da_with_loader=\u00a0\u00bboff\u00a0\u00bb da_has_shadow=\u00a0\u00bbon\u00a0\u00bb][et_pb_row column_structure=\u00a0\u00bb3_5,2_5&Prime; _builder_version=\u00a0\u00bb4.17.3&Prime; _module_preset=\u00a0\u00bbdefault\u00a0\u00bb max_width=\u00a0\u00bb2560px\u00a0\u00bb module_alignment=\u00a0\u00bbcenter\u00a0\u00bb min_height=\u00a0\u00bb888.3px\u00a0\u00bb custom_margin=\u00a0\u00bb|auto|0px|0vw|false|false\u00a0\u00bb custom_padding=\u00a0\u00bb0px||0px|||\u00a0\u00bb global_colors_info=\u00a0\u00bb{}\u00a0\u00bb][et_pb_column type=\u00a0\u00bb3_5&Prime; _builder_version=\u00a0\u00bb4.16&Prime; _module_preset=\u00a0\u00bbdefault\u00a0\u00bb use_background_color_gradient=\u00a0\u00bbon\u00a0\u00bb background_color_gradient_direction=\u00a0\u00bb90deg\u00a0\u00bb background_color_gradient_stops=\u00a0\u00bb#F9C229 50%|rgba(0,0,0,0) 50%\u00a0\u00bb background_color_gradient_start=\u00a0\u00bb#F9C229&Prime; background_color_gradient_start_position=\u00a0\u00bb50%\u00a0\u00bb background_color_gradient_end=\u00a0\u00bbrgba(0,0,0,0)\u00a0\u00bb background_color_gradient_end_position=\u00a0\u00bb0%\u00a0\u00bb custom_padding=\u00a0\u00bb200px||200px||true|false\u00a0\u00bb custom_padding_tablet=\u00a0\u00bb\u00a0\u00bb custom_padding_phone=\u00a0\u00bb100px||100px||true|false\u00a0\u00bb custom_padding_last_edited=\u00a0\u00bbon|phone\u00a0\u00bb global_colors_info=\u00a0\u00bb{}\u00a0\u00bb][et_pb_image src=\u00a0\u00bbhttps:\/\/villamorro.com\/wp-content\/uploads\/2025\/02\/DSC_4987-hdr-scaled.jpg\u00a0\u00bb title_text=\u00a0\u00bbDSC_4987-hdr\u00a0\u00bb _builder_version=\u00a0\u00bb4.17.3&Prime; _module_preset=\u00a0\u00bbdefault\u00a0\u00bb global_colors_info=\u00a0\u00bb{}\u00a0\u00bb][\/et_pb_image][\/et_pb_column][et_pb_column type=\u00a0\u00bb2_5&Prime; _builder_version=\u00a0\u00bb4.16&Prime; _module_preset=\u00a0\u00bbdefault\u00a0\u00bb custom_padding=\u00a0\u00bb100px||||false|false\u00a0\u00bb custom_padding_tablet=\u00a0\u00bb0px||||false|false\u00a0\u00bb custom_padding_phone=\u00a0\u00bb\u00a0\u00bb custom_padding_last_edited=\u00a0\u00bbon|phone\u00a0\u00bb global_colors_info=\u00a0\u00bb{}\u00a0\u00bb custom_padding__hover_enabled=\u00a0\u00bboff|desktop\u00a0\u00bb][et_pb_text _builder_version=\u00a0\u00bb4.17.3&Prime; _module_preset=\u00a0\u00bbdefault\u00a0\u00bb text_font_size=\u00a0\u00bb16px\u00a0\u00bb text_line_height=\u00a0\u00bb2em\u00a0\u00bb header_2_font=\u00a0\u00bbCovered By Your Grace||||||||\u00a0\u00bb header_2_font_size=\u00a0\u00bb3.2em\u00a0\u00bb header_2_letter_spacing=\u00a0\u00bb5px\u00a0\u00bb header_2_line_height=\u00a0\u00bb1.2em\u00a0\u00bb custom_margin=\u00a0\u00bb-2px|||100px|false|false\u00a0\u00bb text_font_size_tablet=\u00a0\u00bb14px\u00a0\u00bb text_font_size_phone=\u00a0\u00bb\u00a0\u00bb text_font_size_last_edited=\u00a0\u00bbon|tablet\u00a0\u00bb header_2_font_size_tablet=\u00a0\u00bb3em\u00a0\u00bb header_2_font_size_phone=\u00a0\u00bb2em\u00a0\u00bb header_2_font_size_last_edited=\u00a0\u00bbon|desktop\u00a0\u00bb locked=\u00a0\u00bboff\u00a0\u00bb global_colors_info=\u00a0\u00bb{}\u00a0\u00bb]<\/p>\n<h2><span style=\"color: #00594c;\">Un g\u00e9n\u00e9reux petit-d\u00e9jeuner buffet sucr\u00e9 et sal\u00e9 (en option, en suppl\u00e9ment)<\/span><\/h2>\n<div class=\"t pg-1m0 pg-1x0 pg-1h4 pg-1y4 pg-1ff2 pg-1fs0 pg-1fc0 pg-1sc0 pg-1ls0 pg-1ws0\">Le petit d\u00e9jeuner est un moment important pour commencer une belle journ\u00e9e.<\/div>\n<div class=\"t pg-1m0 pg-1x0 pg-1h4 pg-1y4 pg-1ff2 pg-1fs0 pg-1fc0 pg-1sc0 pg-1ls0 pg-1ws0\">Il est servi \u00e0 votre convenance, soit \u00e0 l&rsquo;int\u00e9rieur de la v\u00e9randa climatis\u00e9e, soit \u00e0 l&rsquo;ext\u00e9rieur, toujours avec une vue relaxante sur la piscine et la nature.<\/div>\n<div class=\"t pg-1m0 pg-1x0 pg-1h4 pg-1y4 pg-1ff2 pg-1fs0 pg-1fc0 pg-1sc0 pg-1ls0 pg-1ws0\">Dans notre buffet, nous prenons soin de vous proposer une offre \u00e9tendue, avec des produits de qualit\u00e9. Nous avons \u00e0 coeur de travailler avec les producteurs locaux.<\/div>\n<div class=\"t pg-1m0 pg-1x0 pg-1h4 pg-1y4 pg-1ff2 pg-1fs0 pg-1fc0 pg-1sc0 pg-1ls0 pg-1ws0\">Pour le sucr\u00e9, vous trouverez un choix de g\u00e2teaux faits maison, de croissants, de biscuits, de fruits frais de saison, de compotes, de c\u00e9r\u00e9ales, de fruits secs, et de yaourts, si possible bio.<\/div>\n<div class=\"t pg-1m0 pg-1x0 pg-1h4 pg-1y4 pg-1ff2 pg-1fs0 pg-1fc0 pg-1sc0 pg-1ls0 pg-1ws0\">Nous avons diff\u00e9rentes vari\u00e9t\u00e9s de pain, grill\u00e9 ou non. Fromage, beurre, confiture artisanale et miel de la r\u00e9gion garniront vos tartines.<br \/>Pour le c\u00f4t\u00e9 sal\u00e9, vous devrez go\u00fbter aux excellents fromages et charcuteries de la r\u00e9gion.<\/div>\n<div class=\"t pg-1m0 pg-1x0 pg-1h4 pg-1y4 pg-1ff2 pg-1fs0 pg-1fc0 pg-1sc0 pg-1ls0 pg-1ws0\">Sur demande, nous pouvons vous pr\u00e9parer des \u0153ufs bio.<\/div>\n<div class=\"t pg-1m0 pg-1x0 pg-1h4 pg-1y4 pg-1ff2 pg-1fs0 pg-1fc0 pg-1sc0 pg-1ls0 pg-1ws0\">Le tout accompagn\u00e9 d&rsquo;une vari\u00e9t\u00e9 de boissons chaudes et de jus d&rsquo;orange frais, press\u00e9 \u00e0 la demande.<\/div>\n<div class=\"t pg-1m0 pg-1x0 pg-1h4 pg-1y4 pg-1ff2 pg-1fs0 pg-1fc0 pg-1sc0 pg-1ls0 pg-1ws0\">Dans la mesure du possible, nous r\u00e9pondrons \u00e0 vos besoins en mati\u00e8re d&rsquo;allergies.<\/div>\n<p>[\/et_pb_text][et_pb_text _builder_version=\u00a0\u00bb4.17.3&Prime; _module_preset=\u00a0\u00bbdefault\u00a0\u00bb text_font_size=\u00a0\u00bb12px\u00a0\u00bb text_line_height=\u00a0\u00bb2em\u00a0\u00bb header_font_size=\u00a0\u00bb26px\u00a0\u00bb header_2_font=\u00a0\u00bbCovered By Your Grace||||||||\u00a0\u00bb header_2_text_align=\u00a0\u00bbcenter\u00a0\u00bb header_2_font_size=\u00a0\u00bb3em\u00a0\u00bb header_2_letter_spacing=\u00a0\u00bb5px\u00a0\u00bb header_2_line_height=\u00a0\u00bb1.1em\u00a0\u00bb module_alignment=\u00a0\u00bbcenter\u00a0\u00bb custom_margin=\u00a0\u00bb4vh||||false|false\u00a0\u00bb custom_margin_tablet=\u00a0\u00bb8vh||||false|false\u00a0\u00bb custom_margin_phone=\u00a0\u00bb0vh||||false|false\u00a0\u00bb custom_margin_last_edited=\u00a0\u00bbon|phone\u00a0\u00bb text_font_size_tablet=\u00a0\u00bb14px\u00a0\u00bb text_font_size_phone=\u00a0\u00bb\u00a0\u00bb text_font_size_last_edited=\u00a0\u00bbon|tablet\u00a0\u00bb header_2_font_size_tablet=\u00a0\u00bb36px\u00a0\u00bb header_2_font_size_phone=\u00a0\u00bb1.8em\u00a0\u00bb header_2_font_size_last_edited=\u00a0\u00bbon|desktop\u00a0\u00bb locked=\u00a0\u00bboff\u00a0\u00bb global_colors_info=\u00a0\u00bb{}\u00a0\u00bb]<\/p>\n<h2><\/h2>\n<h2><span style=\"color: #00594c;\">Ap\u00e9ritif le soir (facultatif, en suppl\u00e9ment).  <\/span><\/h2>\n<p>[\/et_pb_text][et_pb_image src=\u00a0\u00bbhttps:\/\/villamorro.com\/wp-content\/uploads\/2025\/02\/DSC_5181-scaled.jpg\u00a0\u00bb title_text=\u00a0\u00bbDSC_5181&Prime; align=\u00a0\u00bbcenter\u00a0\u00bb _builder_version=\u00a0\u00bb4.17.3&Prime; _module_preset=\u00a0\u00bbdefault\u00a0\u00bb width=\u00a0\u00bb85%\u00a0\u00bb custom_margin=\u00a0\u00bb0vw||||false|false\u00a0\u00bb global_colors_info=\u00a0\u00bb{}\u00a0\u00bb][\/et_pb_image][dica_divi_carousel advanced_effect=\u00a0\u00bb1&Prime; overlay_color_field_bgcolor=\u00a0\u00bbrgba(255,255,255,0.85)\u00a0\u00bb _builder_version=\u00a0\u00bb4.17.3&Prime; _module_preset=\u00a0\u00bbdefault\u00a0\u00bb global_colors_info=\u00a0\u00bb{}\u00a0\u00bb][\/dica_divi_carousel][\/et_pb_column][\/et_pb_row][\/et_pb_section][et_pb_section fb_built=\u00a0\u00bb1&Prime; admin_label=\u00a0\u00bbMenu\u00a0\u00bb _builder_version=\u00a0\u00bb4.17.3&Prime; _module_preset=\u00a0\u00bbdefault\u00a0\u00bb background_enable_image=\u00a0\u00bboff\u00a0\u00bb custom_margin=\u00a0\u00bb17px|||||\u00a0\u00bb custom_padding=\u00a0\u00bb0px||||false|false\u00a0\u00bb da_disable_devices=\u00a0\u00bboff|off|off\u00a0\u00bb global_colors_info=\u00a0\u00bb{}\u00a0\u00bb da_is_popup=\u00a0\u00bboff\u00a0\u00bb da_exit_intent=\u00a0\u00bboff\u00a0\u00bb da_has_close=\u00a0\u00bbon\u00a0\u00bb da_alt_close=\u00a0\u00bboff\u00a0\u00bb da_dark_close=\u00a0\u00bboff\u00a0\u00bb da_not_modal=\u00a0\u00bbon\u00a0\u00bb da_is_singular=\u00a0\u00bboff\u00a0\u00bb da_with_loader=\u00a0\u00bboff\u00a0\u00bb da_has_shadow=\u00a0\u00bbon\u00a0\u00bb][et_pb_row _builder_version=\u00a0\u00bb4.17.3&Prime; _module_preset=\u00a0\u00bbdefault\u00a0\u00bb global_colors_info=\u00a0\u00bb{}\u00a0\u00bb][et_pb_column type=\u00a0\u00bb4_4&Prime; _builder_version=\u00a0\u00bb4.17.3&Prime; _module_preset=\u00a0\u00bbdefault\u00a0\u00bb global_colors_info=\u00a0\u00bb{}\u00a0\u00bb][dipl_masonry_gallery image_ids=\u00a0\u00bb6976,7819,7829,7839,7849,7854,7859,7864,7869,7874,7879,7889,7894,7844,7834,7912&Prime; number_of_columns=\u00a0\u00bb3&Prime; enable_lightbox=\u00a0\u00bbon\u00a0\u00bb _builder_version=\u00a0\u00bb4.17.3&Prime; _module_preset=\u00a0\u00bbdefault\u00a0\u00bb global_colors_info=\u00a0\u00bb{}\u00a0\u00bb][\/dipl_masonry_gallery][\/et_pb_column][\/et_pb_row][\/et_pb_section]<\/p>\n","protected":false},"excerpt":{"rendered":"<p><div class=\"et_pb_module dipl_text_highlighter dipl_text_highlighter_0\">\n\t\t\t\t\n\t\t\t\t\n\t\t\t\t\n\t\t\t\t\n\t\t\t\t\n\t\t\t\t\n\t\t\t\t<div class=\"et_pb_module_inner\">\n\t\t\t\t\t<div class=\"dipl_text_highlighter_wrapper dipl_highlighter_text dipl_highlight_zigzag \"><span class=\"dipl_text_highlighter_inner_wrapper\"><span class=\"dipl_text_highlighted_content\">Bien Manger<\/span><?xml version=\"1.0\" encoding=\"utf-8\"?><!-- Generator: Adobe Illustrator 24.3.0, SVG Export Plug-In . SVG Version: 6.00 Build 0)  --><svg version=\"1.1\" xmlns=\"http:\/\/www.w3.org\/2000\/svg\" xmlns:xlink=\"http:\/\/www.w3.org\/1999\/xlink\" x=\"0px\" y=\"0px\" viewBox=\"0 0 175.3 17.9\" style=\"enable-background:new 0 0 175.3 17.9;\" xml:space=\"preserve\"><style type=\"text\/css\">.st0{fill:none;stroke:#231F20;stroke-width:2.5;stroke-linecap:round;stroke-linejoin:round;}<\/style><path class=\"st0\" d=\"M4,9.3c0,0,106.8-8.9,167.2-1.9c0,0-91.1-0.4-114.6,3.8c0,0,37-1.7,55.2,1.9\"\/><\/svg><\/span><\/div>\n\t\t\t\t<\/div>\n\t\t\t<\/div>Un g\u00e9n\u00e9reux petit-d\u00e9jeuner buffet sucr\u00e9 et sal\u00e9 (en option, en suppl\u00e9ment) Le petit d\u00e9jeuner est un moment important pour commencer une belle journ\u00e9e. Il est servi [&hellip;]<\/p>\n","protected":false},"author":2,"featured_media":0,"parent":0,"menu_order":0,"comment_status":"closed","ping_status":"closed","template":"","meta":{"_et_pb_use_builder":"on","_et_pb_old_content":"","_et_gb_content_width":"","_exactmetrics_skip_tracking":false,"_exactmetrics_sitenote_active":false,"_exactmetrics_sitenote_note":"","_exactmetrics_sitenote_category":0,"cybocfi_hide_featured_image":""},"yoast_head":"<!-- This site is optimized with the Yoast SEO plugin v20.0 - https:\/\/yoast.com\/wordpress\/plugins\/seo\/ -->\n<title>Bien manger - villamorro<\/title>\n<meta name=\"robots\" content=\"index, follow, max-snippet:-1, max-image-preview:large, max-video-preview:-1\" \/>\n<link rel=\"canonical\" href=\"https:\/\/villamorro.com\/fr\/bien-manger\" \/>\n<meta property=\"og:locale\" content=\"fr_FR\" \/>\n<meta property=\"og:type\" content=\"article\" \/>\n<meta property=\"og:title\" content=\"Bien manger - villamorro\" \/>\n<meta property=\"og:description\" content=\"Un g\u00e9n\u00e9reux petit-d\u00e9jeuner buffet sucr\u00e9 et sal\u00e9 (en option, en suppl\u00e9ment) Le petit d\u00e9jeuner est un moment important pour commencer une belle journ\u00e9e. Il est servi [&hellip;]\" \/>\n<meta property=\"og:url\" content=\"https:\/\/villamorro.com\/fr\/bien-manger\" \/>\n<meta property=\"og:site_name\" content=\"villamorro\" \/>\n<meta property=\"article:modified_time\" content=\"2025-08-06T11:55:46+00:00\" \/>\n<meta name=\"twitter:card\" content=\"summary_large_image\" \/>\n<meta name=\"twitter:label1\" content=\"Dur\u00e9e de lecture estim\u00e9e\" \/>\n\t<meta name=\"twitter:data1\" content=\"5 minutes\" \/>\n<script type=\"application\/ld+json\" class=\"yoast-schema-graph\">{\"@context\":\"https:\/\/schema.org\",\"@graph\":[{\"@type\":\"WebPage\",\"@id\":\"https:\/\/villamorro.com\/fr\/bien-manger\",\"url\":\"https:\/\/villamorro.com\/fr\/bien-manger\",\"name\":\"Bien manger - villamorro\",\"isPartOf\":{\"@id\":\"https:\/\/villamorro.com\/fr#website\"},\"datePublished\":\"2022-04-26T21:30:22+00:00\",\"dateModified\":\"2025-08-06T11:55:46+00:00\",\"breadcrumb\":{\"@id\":\"https:\/\/villamorro.com\/fr\/bien-manger#breadcrumb\"},\"inLanguage\":\"fr-FR\",\"potentialAction\":[{\"@type\":\"ReadAction\",\"target\":[\"https:\/\/villamorro.com\/fr\/bien-manger\"]}]},{\"@type\":\"BreadcrumbList\",\"@id\":\"https:\/\/villamorro.com\/fr\/bien-manger#breadcrumb\",\"itemListElement\":[{\"@type\":\"ListItem\",\"position\":1,\"name\":\"Accueil\",\"item\":\"https:\/\/villamorro.com\/fr\/bienvenue-sur-villamorro-com\"},{\"@type\":\"ListItem\",\"position\":2,\"name\":\"Bien manger\"}]},{\"@type\":\"WebSite\",\"@id\":\"https:\/\/villamorro.com\/fr#website\",\"url\":\"https:\/\/villamorro.com\/fr\",\"name\":\"villamorro\",\"description\":\"Suites\",\"potentialAction\":[{\"@type\":\"SearchAction\",\"target\":{\"@type\":\"EntryPoint\",\"urlTemplate\":\"https:\/\/villamorro.com\/fr?s={search_term_string}\"},\"query-input\":\"required name=search_term_string\"}],\"inLanguage\":\"fr-FR\"}]}<\/script>\n<!-- \/ Yoast SEO plugin. -->","yoast_head_json":{"title":"Bien manger - villamorro","robots":{"index":"index","follow":"follow","max-snippet":"max-snippet:-1","max-image-preview":"max-image-preview:large","max-video-preview":"max-video-preview:-1"},"canonical":"https:\/\/villamorro.com\/fr\/bien-manger","og_locale":"fr_FR","og_type":"article","og_title":"Bien manger - villamorro","og_description":"Un g\u00e9n\u00e9reux petit-d\u00e9jeuner buffet sucr\u00e9 et sal\u00e9 (en option, en suppl\u00e9ment) Le petit d\u00e9jeuner est un moment important pour commencer une belle journ\u00e9e. Il est servi [&hellip;]","og_url":"https:\/\/villamorro.com\/fr\/bien-manger","og_site_name":"villamorro","article_modified_time":"2025-08-06T11:55:46+00:00","twitter_card":"summary_large_image","twitter_misc":{"Dur\u00e9e de lecture estim\u00e9e":"5 minutes"},"schema":{"@context":"https:\/\/schema.org","@graph":[{"@type":"WebPage","@id":"https:\/\/villamorro.com\/fr\/bien-manger","url":"https:\/\/villamorro.com\/fr\/bien-manger","name":"Bien manger - villamorro","isPartOf":{"@id":"https:\/\/villamorro.com\/fr#website"},"datePublished":"2022-04-26T21:30:22+00:00","dateModified":"2025-08-06T11:55:46+00:00","breadcrumb":{"@id":"https:\/\/villamorro.com\/fr\/bien-manger#breadcrumb"},"inLanguage":"fr-FR","potentialAction":[{"@type":"ReadAction","target":["https:\/\/villamorro.com\/fr\/bien-manger"]}]},{"@type":"BreadcrumbList","@id":"https:\/\/villamorro.com\/fr\/bien-manger#breadcrumb","itemListElement":[{"@type":"ListItem","position":1,"name":"Accueil","item":"https:\/\/villamorro.com\/fr\/bienvenue-sur-villamorro-com"},{"@type":"ListItem","position":2,"name":"Bien manger"}]},{"@type":"WebSite","@id":"https:\/\/villamorro.com\/fr#website","url":"https:\/\/villamorro.com\/fr","name":"villamorro","description":"Suites","potentialAction":[{"@type":"SearchAction","target":{"@type":"EntryPoint","urlTemplate":"https:\/\/villamorro.com\/fr?s={search_term_string}"},"query-input":"required name=search_term_string"}],"inLanguage":"fr-FR"}]}},"_links":{"self":[{"href":"https:\/\/villamorro.com\/fr\/wp-json\/wp\/v2\/pages\/1720"}],"collection":[{"href":"https:\/\/villamorro.com\/fr\/wp-json\/wp\/v2\/pages"}],"about":[{"href":"https:\/\/villamorro.com\/fr\/wp-json\/wp\/v2\/types\/page"}],"author":[{"embeddable":true,"href":"https:\/\/villamorro.com\/fr\/wp-json\/wp\/v2\/users\/2"}],"replies":[{"embeddable":true,"href":"https:\/\/villamorro.com\/fr\/wp-json\/wp\/v2\/comments?post=1720"}],"version-history":[{"count":44,"href":"https:\/\/villamorro.com\/fr\/wp-json\/wp\/v2\/pages\/1720\/revisions"}],"predecessor-version":[{"id":8107,"href":"https:\/\/villamorro.com\/fr\/wp-json\/wp\/v2\/pages\/1720\/revisions\/8107"}],"wp:attachment":[{"href":"https:\/\/villamorro.com\/fr\/wp-json\/wp\/v2\/media?parent=1720"}],"curies":[{"name":"wp","href":"https:\/\/api.w.org\/{rel}","templated":true}]}}