{"id":1726,"date":"2022-04-26T15:57:45","date_gmt":"2022-04-26T15:57:45","guid":{"rendered":"https:\/\/villamorro.com\/bien-etre"},"modified":"2025-02-12T16:41:22","modified_gmt":"2025-02-12T16:41:22","slug":"bien-etre","status":"publish","type":"page","link":"https:\/\/villamorro.com\/fr\/bien-etre","title":{"rendered":"Bien-\u00eatre"},"content":{"rendered":"<p>[et_pb_section fb_built=\u00a0\u00bb1&Prime; custom_padding_last_edited=\u00a0\u00bboff|desktop\u00a0\u00bb admin_label=\u00a0\u00bbHeader\u00a0\u00bb _builder_version=\u00a0\u00bb4.17.3&Prime; _module_preset=\u00a0\u00bbdefault\u00a0\u00bb background_image=\u00a0\u00bbhttps:\/\/villamorro.com\/wp-content\/uploads\/2025\/02\/7385large-scaled.jpg\u00a0\u00bb custom_padding=\u00a0\u00bb||0px||false|false\u00a0\u00bb custom_padding_tablet=\u00a0\u00bb100px||||false|false\u00a0\u00bb custom_padding_phone=\u00a0\u00bb50px||||false|false\u00a0\u00bb da_disable_devices=\u00a0\u00bboff|off|off\u00a0\u00bb global_colors_info=\u00a0\u00bb{}\u00a0\u00bb da_is_popup=\u00a0\u00bboff\u00a0\u00bb da_exit_intent=\u00a0\u00bboff\u00a0\u00bb da_has_close=\u00a0\u00bbon\u00a0\u00bb da_alt_close=\u00a0\u00bboff\u00a0\u00bb da_dark_close=\u00a0\u00bboff\u00a0\u00bb da_not_modal=\u00a0\u00bbon\u00a0\u00bb da_is_singular=\u00a0\u00bboff\u00a0\u00bb da_with_loader=\u00a0\u00bboff\u00a0\u00bb da_has_shadow=\u00a0\u00bbon\u00a0\u00bb][et_pb_row _builder_version=\u00a0\u00bb4.16&Prime; _module_preset=\u00a0\u00bbdefault\u00a0\u00bb custom_margin=\u00a0\u00bb8vw||8vw||true|false\u00a0\u00bb global_colors_info=\u00a0\u00bb{}\u00a0\u00bb][et_pb_column type=\u00a0\u00bb4_4&Prime; _builder_version=\u00a0\u00bb4.16&Prime; _module_preset=\u00a0\u00bbdefault\u00a0\u00bb global_colors_info=\u00a0\u00bb{}\u00a0\u00bb][dipl_text_highlighter highlighter_content=\u00a0\u00bbBien-\u00eatre\u00a0\u00bb svg_color=\u00a0\u00bb#f6be00&Prime; stroke_width=\u00a0\u00bb2.3&Prime; stroke_paint_delay=\u00a0\u00bb1&Prime; admin_label=\u00a0\u00bbDP Text Highlighter\u00a0\u00bb _builder_version=\u00a0\u00bb4.17.3&Prime; _module_preset=\u00a0\u00bbdefault\u00a0\u00bb global_body_font=\u00a0\u00bbABeeZee||||||||\u00a0\u00bb global_body_text_align=\u00a0\u00bbcenter\u00a0\u00bb global_body_text_color=\u00a0\u00bb#FFFFFF\u00a0\u00bb global_body_font_size=\u00a0\u00bb2.5vw\u00a0\u00bb pre_body_font_size=\u00a0\u00bb200%\u00a0\u00bb main_body_font_size=\u00a0\u00bb200%\u00a0\u00bb post_body_font_size=\u00a0\u00bb200%\u00a0\u00bb background_color=\u00a0\u00bbRGBA(255,255,255,0)\u00a0\u00bb width=\u00a0\u00bb91%\u00a0\u00bb module_alignment=\u00a0\u00bbcenter\u00a0\u00bb min_height=\u00a0\u00bb15vw\u00a0\u00bb custom_margin=\u00a0\u00bb0.9%||4%||false|false\u00a0\u00bb custom_padding=\u00a0\u00bb5px||||false|false\u00a0\u00bb global_body_font_size_tablet=\u00a0\u00bb2.5vw\u00a0\u00bb global_body_font_size_phone=\u00a0\u00bb5vw\u00a0\u00bb global_body_font_size_last_edited=\u00a0\u00bbon|phone\u00a0\u00bb global_body_text_shadow_style=\u00a0\u00bbpreset2&Prime; locked=\u00a0\u00bboff\u00a0\u00bb global_colors_info=\u00a0\u00bb{}\u00a0\u00bb][\/dipl_text_highlighter][\/et_pb_column][\/et_pb_row][\/et_pb_section][et_pb_section fb_built=\u00a0\u00bb1&Prime; admin_label=\u00a0\u00bbAbout\u00a0\u00bb _builder_version=\u00a0\u00bb4.17.3&Prime; _module_preset=\u00a0\u00bbdefault\u00a0\u00bb use_background_color_gradient=\u00a0\u00bbon\u00a0\u00bb background_color_gradient_stops=\u00a0\u00bb#ffffff 0%|#efece4 100%\u00a0\u00bb background_color_gradient_start=\u00a0\u00bb#ffffff\u00a0\u00bb background_color_gradient_end=\u00a0\u00bb#efece4&Prime; background_enable_image=\u00a0\u00bboff\u00a0\u00bb min_height=\u00a0\u00bb1321.6px\u00a0\u00bb custom_margin=\u00a0\u00bb-206px||-113px||false|false\u00a0\u00bb custom_padding=\u00a0\u00bb0px||0px|||\u00a0\u00bb da_disable_devices=\u00a0\u00bboff|off|off\u00a0\u00bb global_colors_info=\u00a0\u00bb{}\u00a0\u00bb locked=\u00a0\u00bboff\u00a0\u00bb da_is_popup=\u00a0\u00bboff\u00a0\u00bb da_exit_intent=\u00a0\u00bboff\u00a0\u00bb da_has_close=\u00a0\u00bbon\u00a0\u00bb da_alt_close=\u00a0\u00bboff\u00a0\u00bb da_dark_close=\u00a0\u00bboff\u00a0\u00bb da_not_modal=\u00a0\u00bbon\u00a0\u00bb da_is_singular=\u00a0\u00bboff\u00a0\u00bb da_with_loader=\u00a0\u00bboff\u00a0\u00bb da_has_shadow=\u00a0\u00bbon\u00a0\u00bb][et_pb_row column_structure=\u00a0\u00bb3_5,2_5&Prime; _builder_version=\u00a0\u00bb4.17.3&Prime; _module_preset=\u00a0\u00bbdefault\u00a0\u00bb max_width=\u00a0\u00bb2560px\u00a0\u00bb min_height=\u00a0\u00bb888.3px\u00a0\u00bb custom_margin=\u00a0\u00bb|auto|0px|7vw|false|false\u00a0\u00bb custom_padding=\u00a0\u00bb0px||0px|||\u00a0\u00bb hover_enabled=\u00a0\u00bb0&Prime; global_colors_info=\u00a0\u00bb{}\u00a0\u00bb module_alignment=\u00a0\u00bbcenter\u00a0\u00bb sticky_enabled=\u00a0\u00bb0&Prime;][et_pb_column type=\u00a0\u00bb3_5&Prime; _builder_version=\u00a0\u00bb4.16&Prime; _module_preset=\u00a0\u00bbdefault\u00a0\u00bb use_background_color_gradient=\u00a0\u00bbon\u00a0\u00bb background_color_gradient_direction=\u00a0\u00bb90deg\u00a0\u00bb background_color_gradient_stops=\u00a0\u00bb#F9C229 50%|rgba(0,0,0,0) 50%\u00a0\u00bb background_color_gradient_start=\u00a0\u00bb#F9C229&Prime; background_color_gradient_start_position=\u00a0\u00bb50%\u00a0\u00bb background_color_gradient_end=\u00a0\u00bbrgba(0,0,0,0)\u00a0\u00bb background_color_gradient_end_position=\u00a0\u00bb0%\u00a0\u00bb custom_padding=\u00a0\u00bb200px||200px||true|false\u00a0\u00bb custom_padding_tablet=\u00a0\u00bb\u00a0\u00bb custom_padding_phone=\u00a0\u00bb100px||100px||true|false\u00a0\u00bb custom_padding_last_edited=\u00a0\u00bbon|phone\u00a0\u00bb hover_enabled=\u00a0\u00bb0&Prime; global_colors_info=\u00a0\u00bb{}\u00a0\u00bb sticky_enabled=\u00a0\u00bb0&Prime;][et_pb_image src=\u00a0\u00bbhttps:\/\/villamorro.com\/wp-content\/uploads\/2025\/02\/DSC_6337-hdr-scaled.jpg\u00a0\u00bb title_text=\u00a0\u00bbDSC_6337-hdr\u00a0\u00bb _builder_version=\u00a0\u00bb4.17.3&Prime; _module_preset=\u00a0\u00bbdefault\u00a0\u00bb hover_enabled=\u00a0\u00bb0&Prime; global_colors_info=\u00a0\u00bb{}\u00a0\u00bb sticky_enabled=\u00a0\u00bb0&Prime;][\/et_pb_image][\/et_pb_column][et_pb_column type=\u00a0\u00bb2_5&Prime; _builder_version=\u00a0\u00bb4.16&Prime; _module_preset=\u00a0\u00bbdefault\u00a0\u00bb custom_padding=\u00a0\u00bb100px||||false|false\u00a0\u00bb custom_padding_tablet=\u00a0\u00bb0px||||false|false\u00a0\u00bb custom_padding_phone=\u00a0\u00bb\u00a0\u00bb custom_padding_last_edited=\u00a0\u00bbon|phone\u00a0\u00bb global_colors_info=\u00a0\u00bb{}\u00a0\u00bb custom_padding__hover_enabled=\u00a0\u00bboff|desktop\u00a0\u00bb][et_pb_text _builder_version=\u00a0\u00bb4.17.3&Prime; _module_preset=\u00a0\u00bbdefault\u00a0\u00bb text_font_size=\u00a0\u00bb16px\u00a0\u00bb text_line_height=\u00a0\u00bb2em\u00a0\u00bb header_2_font=\u00a0\u00bbCovered By Your Grace||||||||\u00a0\u00bb header_2_font_size=\u00a0\u00bb3.2em\u00a0\u00bb header_2_letter_spacing=\u00a0\u00bb5px\u00a0\u00bb header_2_line_height=\u00a0\u00bb1.2em\u00a0\u00bb custom_margin=\u00a0\u00bb7vw|||100px|false|false\u00a0\u00bb hover_enabled=\u00a0\u00bb0&Prime; text_font_size_tablet=\u00a0\u00bb14px\u00a0\u00bb text_font_size_phone=\u00a0\u00bb\u00a0\u00bb text_font_size_last_edited=\u00a0\u00bbon|tablet\u00a0\u00bb header_2_font_size_tablet=\u00a0\u00bb3em\u00a0\u00bb header_2_font_size_phone=\u00a0\u00bb2em\u00a0\u00bb header_2_font_size_last_edited=\u00a0\u00bbon|desktop\u00a0\u00bb locked=\u00a0\u00bboff\u00a0\u00bb global_colors_info=\u00a0\u00bb{}\u00a0\u00bb sticky_enabled=\u00a0\u00bb0&Prime;]<\/p>\n<h2><span style=\"color: #00594c;\">Vue panoramique<\/span><\/h2>\n<div class=\"t pg-1m0 pg-1x0 pg-1h4 pg-1y4 pg-1ff2 pg-1fs0 pg-1fc0 pg-1sc0 pg-1ls0 pg-1ws0\">\n<p style=\"text-align: justify;\">La piscine de couleur vert \u00e9meraude, par ses belles dimensions (10 m. x 6 m.), vous permettra de nager, ou simplement vous rafraichir.<\/p>\n<p style=\"text-align: justify;\">Sa spacieuse terrasse en bois exotique est toute la journ\u00e9e au soleil, mais vous pourrez chercher l\u2019ombre sous les parasols. Le soir elle est le lieu id\u00e9al pour admirer le coucher du soleil sur les collines et les villages alentour.<\/p>\n<p style=\"text-align: justify;\">Le jacuzzi est parfait pour deux, avec deux places allong\u00e9es c\u00f4te \u00e0 c\u00f4te et une place assise. Il est \u00e9quip\u00e9 de 30 jets pour un massage efficace des jambes \u00e0 la nuque. Il dispose de 10 lumi\u00e8res LED pour profiter des bienfaits de la chromath\u00e9rapie qui aide le corps et l&rsquo;esprit.  <\/p>\n<p style=\"text-align: justify;\">Afin de garantir une eau claire et de qualit\u00e9 il poss\u00e8de une filtration \u00e0 plusieurs niveaux avec un g\u00e9n\u00e9rateur d\u2019ozone qui d\u00e9truit naturellement germes, bact\u00e9ries et virus.<\/p>\n<p style=\"text-align: justify;\">Dans le vaste jardin et sur les terrasses, \u00e0 l\u2019ombre ou au soleil, vous trouverez toujours un transat, un fauteuil, ou un canap\u00e9 pour des moments d\u2019intimit\u00e9 et de d\u00e9tente.<\/p>\n<p style=\"text-align: justify;\">Tous ces espaces sont accessibles gratuitement et exclusivement pour nos h\u00f4tes, la journ\u00e9e et le soir.<\/p>\n<\/div>\n<p>[\/et_pb_text][dica_divi_carousel advanced_effect=\u00a0\u00bb1&Prime; overlay_color_field_bgcolor=\u00a0\u00bbrgba(255,255,255,0.85)\u00a0\u00bb _builder_version=\u00a0\u00bb4.17.3&Prime; _module_preset=\u00a0\u00bbdefault\u00a0\u00bb global_colors_info=\u00a0\u00bb{}\u00a0\u00bb][\/dica_divi_carousel][\/et_pb_column][\/et_pb_row][\/et_pb_section][et_pb_section fb_built=\u00a0\u00bb1&Prime; admin_label=\u00a0\u00bbMenu\u00a0\u00bb _builder_version=\u00a0\u00bb4.17.3&Prime; _module_preset=\u00a0\u00bbdefault\u00a0\u00bb background_enable_image=\u00a0\u00bboff\u00a0\u00bb custom_margin=\u00a0\u00bb-26px|||||\u00a0\u00bb custom_padding=\u00a0\u00bb0px||||false|false\u00a0\u00bb da_disable_devices=\u00a0\u00bboff|off|off\u00a0\u00bb global_colors_info=\u00a0\u00bb{}\u00a0\u00bb locked=\u00a0\u00bboff\u00a0\u00bb da_is_popup=\u00a0\u00bboff\u00a0\u00bb da_exit_intent=\u00a0\u00bboff\u00a0\u00bb da_has_close=\u00a0\u00bbon\u00a0\u00bb da_alt_close=\u00a0\u00bboff\u00a0\u00bb da_dark_close=\u00a0\u00bboff\u00a0\u00bb da_not_modal=\u00a0\u00bbon\u00a0\u00bb da_is_singular=\u00a0\u00bboff\u00a0\u00bb da_with_loader=\u00a0\u00bboff\u00a0\u00bb da_has_shadow=\u00a0\u00bbon\u00a0\u00bb][et_pb_row _builder_version=\u00a0\u00bb4.17.3&Prime; _module_preset=\u00a0\u00bbdefault\u00a0\u00bb global_colors_info=\u00a0\u00bb{}\u00a0\u00bb][et_pb_column type=\u00a0\u00bb4_4&Prime; _builder_version=\u00a0\u00bb4.17.3&Prime; _module_preset=\u00a0\u00bbdefault\u00a0\u00bb global_colors_info=\u00a0\u00bb{}\u00a0\u00bb][dipl_masonry_gallery image_ids=\u00a0\u00bb6925,6908,6940,3086,6913,6930,6935,7607,7612,7617,7622,7632,7637,7652,7662,7667,7672,7657,7677,7687,7692&Prime; number_of_columns=\u00a0\u00bb3&Prime; column_spacing=\u00a0\u00bb6px\u00a0\u00bb show_caption=\u00a0\u00bbon\u00a0\u00bb caption_area=\u00a0\u00bbgallery\u00a0\u00bb enable_lightbox=\u00a0\u00bbon\u00a0\u00bb lightbox_title_and_caption_style=\u00a0\u00bbbelow_image\u00a0\u00bb _builder_version=\u00a0\u00bb4.17.3&Prime; _module_preset=\u00a0\u00bbdefault\u00a0\u00bb caption_font=\u00a0\u00bbCovered By Your Grace||||||||\u00a0\u00bb caption_text_align=\u00a0\u00bbcenter\u00a0\u00bb caption_text_color=\u00a0\u00bb#00594c\u00a0\u00bb caption_font_size=\u00a0\u00bb3em\u00a0\u00bb global_colors_info=\u00a0\u00bb{}\u00a0\u00bb locked=\u00a0\u00bboff\u00a0\u00bb][\/dipl_masonry_gallery][\/et_pb_column][\/et_pb_row][\/et_pb_section]<\/p>\n","protected":false},"excerpt":{"rendered":"<p><div class=\"et_pb_module dipl_text_highlighter dipl_text_highlighter_0\">\n\t\t\t\t\n\t\t\t\t\n\t\t\t\t\n\t\t\t\t\n\t\t\t\t\n\t\t\t\t\n\t\t\t\t<div class=\"et_pb_module_inner\">\n\t\t\t\t\t<div class=\"dipl_text_highlighter_wrapper dipl_highlighter_text dipl_highlight_zigzag \"><span class=\"dipl_text_highlighter_inner_wrapper\"><span class=\"dipl_text_highlighted_content\">Bien-\u00eatre<\/span><?xml version=\"1.0\" encoding=\"utf-8\"?><!-- Generator: Adobe Illustrator 24.3.0, SVG Export Plug-In . SVG Version: 6.00 Build 0)  --><svg version=\"1.1\" xmlns=\"http:\/\/www.w3.org\/2000\/svg\" xmlns:xlink=\"http:\/\/www.w3.org\/1999\/xlink\" x=\"0px\" y=\"0px\" viewBox=\"0 0 175.3 17.9\" style=\"enable-background:new 0 0 175.3 17.9;\" xml:space=\"preserve\"><style type=\"text\/css\">.st0{fill:none;stroke:#231F20;stroke-width:2.5;stroke-linecap:round;stroke-linejoin:round;}<\/style><path class=\"st0\" d=\"M4,9.3c0,0,106.8-8.9,167.2-1.9c0,0-91.1-0.4-114.6,3.8c0,0,37-1.7,55.2,1.9\"\/><\/svg><\/span><\/div>\n\t\t\t\t<\/div>\n\t\t\t<\/div>Vue panoramique La piscine de couleur vert \u00e9meraude, par ses belles dimensions (10 m. x 6 m.), vous permettra de nager, ou simplement vous rafraichir. Sa spacieuse [&hellip;]<\/p>\n","protected":false},"author":2,"featured_media":0,"parent":0,"menu_order":0,"comment_status":"closed","ping_status":"closed","template":"","meta":{"_et_pb_use_builder":"on","_et_pb_old_content":"","_et_gb_content_width":"","_exactmetrics_skip_tracking":false,"_exactmetrics_sitenote_active":false,"_exactmetrics_sitenote_note":"","_exactmetrics_sitenote_category":0,"cybocfi_hide_featured_image":""},"yoast_head":"<!-- This site is optimized with the Yoast SEO plugin v20.0 - https:\/\/yoast.com\/wordpress\/plugins\/seo\/ -->\n<title>Bien-\u00eatre - villamorro<\/title>\n<meta name=\"robots\" content=\"index, follow, max-snippet:-1, max-image-preview:large, max-video-preview:-1\" \/>\n<link rel=\"canonical\" href=\"https:\/\/villamorro.com\/fr\/bien-etre\" \/>\n<meta property=\"og:locale\" content=\"fr_FR\" \/>\n<meta property=\"og:type\" content=\"article\" \/>\n<meta property=\"og:title\" content=\"Bien-\u00eatre - villamorro\" \/>\n<meta property=\"og:description\" content=\"Vue panoramique La piscine de couleur vert \u00e9meraude, par ses belles dimensions (10 m. x 6 m.), vous permettra de nager, ou simplement vous rafraichir. Sa spacieuse [&hellip;]\" \/>\n<meta property=\"og:url\" content=\"https:\/\/villamorro.com\/fr\/bien-etre\" \/>\n<meta property=\"og:site_name\" content=\"villamorro\" \/>\n<meta property=\"article:modified_time\" content=\"2025-02-12T16:41:22+00:00\" \/>\n<meta name=\"twitter:card\" content=\"summary_large_image\" \/>\n<meta name=\"twitter:label1\" content=\"Dur\u00e9e de lecture estim\u00e9e\" \/>\n\t<meta name=\"twitter:data1\" content=\"5 minutes\" \/>\n<script type=\"application\/ld+json\" class=\"yoast-schema-graph\">{\"@context\":\"https:\/\/schema.org\",\"@graph\":[{\"@type\":\"WebPage\",\"@id\":\"https:\/\/villamorro.com\/fr\/bien-etre\",\"url\":\"https:\/\/villamorro.com\/fr\/bien-etre\",\"name\":\"Bien-\u00eatre - villamorro\",\"isPartOf\":{\"@id\":\"https:\/\/villamorro.com\/fr#website\"},\"datePublished\":\"2022-04-26T15:57:45+00:00\",\"dateModified\":\"2025-02-12T16:41:22+00:00\",\"breadcrumb\":{\"@id\":\"https:\/\/villamorro.com\/fr\/bien-etre#breadcrumb\"},\"inLanguage\":\"fr-FR\",\"potentialAction\":[{\"@type\":\"ReadAction\",\"target\":[\"https:\/\/villamorro.com\/fr\/bien-etre\"]}]},{\"@type\":\"BreadcrumbList\",\"@id\":\"https:\/\/villamorro.com\/fr\/bien-etre#breadcrumb\",\"itemListElement\":[{\"@type\":\"ListItem\",\"position\":1,\"name\":\"Accueil\",\"item\":\"https:\/\/villamorro.com\/fr\/bienvenue-sur-villamorro-com\"},{\"@type\":\"ListItem\",\"position\":2,\"name\":\"Bien-\u00eatre\"}]},{\"@type\":\"WebSite\",\"@id\":\"https:\/\/villamorro.com\/fr#website\",\"url\":\"https:\/\/villamorro.com\/fr\",\"name\":\"villamorro\",\"description\":\"Suites\",\"potentialAction\":[{\"@type\":\"SearchAction\",\"target\":{\"@type\":\"EntryPoint\",\"urlTemplate\":\"https:\/\/villamorro.com\/fr?s={search_term_string}\"},\"query-input\":\"required name=search_term_string\"}],\"inLanguage\":\"fr-FR\"}]}<\/script>\n<!-- \/ Yoast SEO plugin. -->","yoast_head_json":{"title":"Bien-\u00eatre - villamorro","robots":{"index":"index","follow":"follow","max-snippet":"max-snippet:-1","max-image-preview":"max-image-preview:large","max-video-preview":"max-video-preview:-1"},"canonical":"https:\/\/villamorro.com\/fr\/bien-etre","og_locale":"fr_FR","og_type":"article","og_title":"Bien-\u00eatre - villamorro","og_description":"Vue panoramique La piscine de couleur vert \u00e9meraude, par ses belles dimensions (10 m. x 6 m.), vous permettra de nager, ou simplement vous rafraichir. Sa spacieuse [&hellip;]","og_url":"https:\/\/villamorro.com\/fr\/bien-etre","og_site_name":"villamorro","article_modified_time":"2025-02-12T16:41:22+00:00","twitter_card":"summary_large_image","twitter_misc":{"Dur\u00e9e de lecture estim\u00e9e":"5 minutes"},"schema":{"@context":"https:\/\/schema.org","@graph":[{"@type":"WebPage","@id":"https:\/\/villamorro.com\/fr\/bien-etre","url":"https:\/\/villamorro.com\/fr\/bien-etre","name":"Bien-\u00eatre - villamorro","isPartOf":{"@id":"https:\/\/villamorro.com\/fr#website"},"datePublished":"2022-04-26T15:57:45+00:00","dateModified":"2025-02-12T16:41:22+00:00","breadcrumb":{"@id":"https:\/\/villamorro.com\/fr\/bien-etre#breadcrumb"},"inLanguage":"fr-FR","potentialAction":[{"@type":"ReadAction","target":["https:\/\/villamorro.com\/fr\/bien-etre"]}]},{"@type":"BreadcrumbList","@id":"https:\/\/villamorro.com\/fr\/bien-etre#breadcrumb","itemListElement":[{"@type":"ListItem","position":1,"name":"Accueil","item":"https:\/\/villamorro.com\/fr\/bienvenue-sur-villamorro-com"},{"@type":"ListItem","position":2,"name":"Bien-\u00eatre"}]},{"@type":"WebSite","@id":"https:\/\/villamorro.com\/fr#website","url":"https:\/\/villamorro.com\/fr","name":"villamorro","description":"Suites","potentialAction":[{"@type":"SearchAction","target":{"@type":"EntryPoint","urlTemplate":"https:\/\/villamorro.com\/fr?s={search_term_string}"},"query-input":"required name=search_term_string"}],"inLanguage":"fr-FR"}]}},"_links":{"self":[{"href":"https:\/\/villamorro.com\/fr\/wp-json\/wp\/v2\/pages\/1726"}],"collection":[{"href":"https:\/\/villamorro.com\/fr\/wp-json\/wp\/v2\/pages"}],"about":[{"href":"https:\/\/villamorro.com\/fr\/wp-json\/wp\/v2\/types\/page"}],"author":[{"embeddable":true,"href":"https:\/\/villamorro.com\/fr\/wp-json\/wp\/v2\/users\/2"}],"replies":[{"embeddable":true,"href":"https:\/\/villamorro.com\/fr\/wp-json\/wp\/v2\/comments?post=1726"}],"version-history":[{"count":61,"href":"https:\/\/villamorro.com\/fr\/wp-json\/wp\/v2\/pages\/1726\/revisions"}],"predecessor-version":[{"id":8022,"href":"https:\/\/villamorro.com\/fr\/wp-json\/wp\/v2\/pages\/1726\/revisions\/8022"}],"wp:attachment":[{"href":"https:\/\/villamorro.com\/fr\/wp-json\/wp\/v2\/media?parent=1726"}],"curies":[{"name":"wp","href":"https:\/\/api.w.org\/{rel}","templated":true}]}}