{"id":1870,"date":"2022-04-26T15:57:45","date_gmt":"2022-04-26T15:57:45","guid":{"rendered":"https:\/\/villamorro.com\/benessere"},"modified":"2025-02-12T16:41:46","modified_gmt":"2025-02-12T16:41:46","slug":"benessere","status":"publish","type":"page","link":"https:\/\/villamorro.com\/it\/benessere","title":{"rendered":"Benessere"},"content":{"rendered":"<p>[et_pb_section fb_built=&#8221;1&#8243; custom_padding_last_edited=&#8221;off|desktop&#8221; admin_label=&#8221;Header&#8221; _builder_version=&#8221;4.17.3&#8243; _module_preset=&#8221;default&#8221; background_image=&#8221;https:\/\/villamorro.com\/wp-content\/uploads\/2025\/02\/7385large-scaled.jpg&#8221; custom_padding=&#8221;||0px||false|false&#8221; custom_padding_tablet=&#8221;100px||||false|false&#8221; custom_padding_phone=&#8221;50px||||false|false&#8221; da_disable_devices=&#8221;off|off|off&#8221; global_colors_info=&#8221;{}&#8221; da_is_popup=&#8221;off&#8221; da_exit_intent=&#8221;off&#8221; da_has_close=&#8221;on&#8221; da_alt_close=&#8221;off&#8221; da_dark_close=&#8221;off&#8221; da_not_modal=&#8221;on&#8221; da_is_singular=&#8221;off&#8221; da_with_loader=&#8221;off&#8221; da_has_shadow=&#8221;on&#8221;][et_pb_row _builder_version=&#8221;4.16&#8243; _module_preset=&#8221;default&#8221; custom_margin=&#8221;8vw||8vw||true|false&#8221; global_colors_info=&#8221;{}&#8221;][et_pb_column type=&#8221;4_4&#8243; _builder_version=&#8221;4.16&#8243; _module_preset=&#8221;default&#8221; global_colors_info=&#8221;{}&#8221;][dipl_text_highlighter highlighter_content=&#8221;Benessere&#8221; svg_color=&#8221;#f6be00&#8243; stroke_width=&#8221;2.3&#8243; stroke_paint_delay=&#8221;1&#8243; admin_label=&#8221;DP Text Highlighter&#8221; _builder_version=&#8221;4.17.3&#8243; _module_preset=&#8221;default&#8221; global_body_font=&#8221;ABeeZee||||||||&#8221; global_body_text_align=&#8221;center&#8221; global_body_text_color=&#8221;#FFFFFF&#8221; global_body_font_size=&#8221;2.5vw&#8221; pre_body_font_size=&#8221;200%&#8221; main_body_font_size=&#8221;200%&#8221; post_body_font_size=&#8221;200%&#8221; background_color=&#8221;RGBA(255,255,255,0)&#8221; width=&#8221;91%&#8221; module_alignment=&#8221;center&#8221; min_height=&#8221;15vw&#8221; custom_margin=&#8221;0.9%||4%||false|false&#8221; custom_padding=&#8221;5px||||false|false&#8221; global_body_font_size_tablet=&#8221;2.5vw&#8221; global_body_font_size_phone=&#8221;5vw&#8221; global_body_font_size_last_edited=&#8221;on|phone&#8221; global_body_text_shadow_style=&#8221;preset2&#8243; locked=&#8221;off&#8221; global_colors_info=&#8221;{}&#8221;][\/dipl_text_highlighter][\/et_pb_column][\/et_pb_row][\/et_pb_section][et_pb_section fb_built=&#8221;1&#8243; admin_label=&#8221;About&#8221; _builder_version=&#8221;4.17.3&#8243; _module_preset=&#8221;default&#8221; use_background_color_gradient=&#8221;on&#8221; background_color_gradient_stops=&#8221;#ffffff 0%|#efece4 100%&#8221; background_color_gradient_start=&#8221;#ffffff&#8221; background_color_gradient_end=&#8221;#efece4&#8243; background_enable_image=&#8221;off&#8221; min_height=&#8221;1321.6px&#8221; custom_margin=&#8221;-206px||-113px||false|false&#8221; custom_padding=&#8221;0px||0px|||&#8221; da_disable_devices=&#8221;off|off|off&#8221; global_colors_info=&#8221;{}&#8221; locked=&#8221;off&#8221; da_is_popup=&#8221;off&#8221; da_exit_intent=&#8221;off&#8221; da_has_close=&#8221;on&#8221; da_alt_close=&#8221;off&#8221; da_dark_close=&#8221;off&#8221; da_not_modal=&#8221;on&#8221; da_is_singular=&#8221;off&#8221; da_with_loader=&#8221;off&#8221; da_has_shadow=&#8221;on&#8221;][et_pb_row column_structure=&#8221;3_5,2_5&#8243; _builder_version=&#8221;4.17.3&#8243; _module_preset=&#8221;default&#8221; max_width=&#8221;2560px&#8221; min_height=&#8221;888.3px&#8221; custom_margin=&#8221;|auto|0px|7vw|false|false&#8221; custom_padding=&#8221;0px||0px|||&#8221; hover_enabled=&#8221;0&#8243; global_colors_info=&#8221;{}&#8221; module_alignment=&#8221;center&#8221; sticky_enabled=&#8221;0&#8243;][et_pb_column type=&#8221;3_5&#8243; _builder_version=&#8221;4.16&#8243; _module_preset=&#8221;default&#8221; use_background_color_gradient=&#8221;on&#8221; background_color_gradient_direction=&#8221;90deg&#8221; background_color_gradient_stops=&#8221;#F9C229 50%|rgba(0,0,0,0) 50%&#8221; background_color_gradient_start=&#8221;#F9C229&#8243; background_color_gradient_start_position=&#8221;50%&#8221; background_color_gradient_end=&#8221;rgba(0,0,0,0)&#8221; background_color_gradient_end_position=&#8221;0%&#8221; custom_padding=&#8221;200px||200px||true|false&#8221; custom_padding_tablet=&#8221;&#8221; custom_padding_phone=&#8221;100px||100px||true|false&#8221; custom_padding_last_edited=&#8221;on|phone&#8221; hover_enabled=&#8221;0&#8243; global_colors_info=&#8221;{}&#8221; sticky_enabled=&#8221;0&#8243;][et_pb_image src=&#8221;https:\/\/villamorro.com\/wp-content\/uploads\/2025\/02\/DSC_6337-hdr-scaled.jpg&#8221; title_text=&#8221;DSC_6337-hdr&#8221; _builder_version=&#8221;4.17.3&#8243; _module_preset=&#8221;default&#8221; hover_enabled=&#8221;0&#8243; global_colors_info=&#8221;{}&#8221; sticky_enabled=&#8221;0&#8243;][\/et_pb_image][\/et_pb_column][et_pb_column type=&#8221;2_5&#8243; _builder_version=&#8221;4.16&#8243; _module_preset=&#8221;default&#8221; custom_padding=&#8221;100px||||false|false&#8221; custom_padding_tablet=&#8221;0px||||false|false&#8221; custom_padding_phone=&#8221;&#8221; custom_padding_last_edited=&#8221;on|phone&#8221; global_colors_info=&#8221;{}&#8221; custom_padding__hover_enabled=&#8221;off|desktop&#8221;][et_pb_text _builder_version=&#8221;4.17.3&#8243; _module_preset=&#8221;default&#8221; text_font_size=&#8221;16px&#8221; text_line_height=&#8221;2em&#8221; header_2_font=&#8221;Covered By Your Grace||||||||&#8221; header_2_font_size=&#8221;3.2em&#8221; header_2_letter_spacing=&#8221;5px&#8221; header_2_line_height=&#8221;1.2em&#8221; custom_margin=&#8221;7vw|||100px|false|false&#8221; hover_enabled=&#8221;0&#8243; text_font_size_tablet=&#8221;14px&#8221; text_font_size_phone=&#8221;&#8221; text_font_size_last_edited=&#8221;on|tablet&#8221; header_2_font_size_tablet=&#8221;3em&#8221; header_2_font_size_phone=&#8221;2em&#8221; header_2_font_size_last_edited=&#8221;on|desktop&#8221; locked=&#8221;off&#8221; global_colors_info=&#8221;{}&#8221; sticky_enabled=&#8221;0&#8243;]<\/p>\n<h2><span style=\"color: #00594c;\">Vista panoramica<\/span><\/h2>\n<div class=\"t pg-1m0 pg-1x0 pg-1h4 pg-1y4 pg-1ff2 pg-1fs0 pg-1fc0 pg-1sc0 pg-1ls0 pg-1ws0\">\n<p style=\"text-align: justify;\">La piscina verde smeraldo, con le sue belle dimensioni (10 m. x 6 m.) vi permetter\u00e0 di nuotare, o semplicemente di rinfrescarvi.<\/p>\n<p style=\"text-align: justify;\">La spaziosa terrazza in legno esotico \u00e8 soleggiata tutto il giorno, ma si pu\u00f2 cercare l&#8217;ombra sotto gli ombrelloni. La sera \u00e8 il luogo ideale per ammirare il tramonto sulle colline e i villaggi nei dintorni.<\/p>\n<p style=\"text-align: justify;\">La vasca idromassaggio \u00e8 perfetta per due, con due posti sdraiati fianco a fianco e un posto seduto. \u00c8 dotato di 30 getti per un efficace massaggio dalle gambe al collo. Dispone di 10 luci a LED per godere dei benefici della cromoterapia che aiuta il corpo e la mente.  <\/p>\n<p style=\"text-align: justify;\">Per garantire un&#8217;acqua chiara e di qualit\u00e0 ha una filtrazione multilivello con un generatore di ozono che distrugge naturalmente germi, batteri e virus.<\/p>\n<p style=\"text-align: justify;\">Nel grande giardino e sulle terrazze, all&#8217;ombra o al sole, troverete sempre una sedia a sdraio, una poltrona o un divano per i momenti di privacy e di relax.<\/p>\n<p style=\"text-align: justify;\">Tutte queste aree sono disponibili gratuitamente ed esclusivamente per i nostri ospiti, sia di giorno che di sera.<\/p>\n<\/div>\n<p>[\/et_pb_text][dica_divi_carousel advanced_effect=&#8221;1&#8243; overlay_color_field_bgcolor=&#8221;rgba(255,255,255,0.85)&#8221; _builder_version=&#8221;4.17.3&#8243; _module_preset=&#8221;default&#8221; global_colors_info=&#8221;{}&#8221;][\/dica_divi_carousel][\/et_pb_column][\/et_pb_row][\/et_pb_section][et_pb_section fb_built=&#8221;1&#8243; admin_label=&#8221;Menu&#8221; _builder_version=&#8221;4.17.3&#8243; _module_preset=&#8221;default&#8221; background_enable_image=&#8221;off&#8221; custom_margin=&#8221;-26px|||||&#8221; custom_padding=&#8221;0px||||false|false&#8221; da_disable_devices=&#8221;off|off|off&#8221; global_colors_info=&#8221;{}&#8221; locked=&#8221;off&#8221; da_is_popup=&#8221;off&#8221; da_exit_intent=&#8221;off&#8221; da_has_close=&#8221;on&#8221; da_alt_close=&#8221;off&#8221; da_dark_close=&#8221;off&#8221; da_not_modal=&#8221;on&#8221; da_is_singular=&#8221;off&#8221; da_with_loader=&#8221;off&#8221; da_has_shadow=&#8221;on&#8221;][et_pb_row _builder_version=&#8221;4.17.3&#8243; _module_preset=&#8221;default&#8221; global_colors_info=&#8221;{}&#8221;][et_pb_column type=&#8221;4_4&#8243; _builder_version=&#8221;4.17.3&#8243; _module_preset=&#8221;default&#8221; global_colors_info=&#8221;{}&#8221;][dipl_masonry_gallery image_ids=&#8221;6925,6908,6940,3086,6913,6930,6935,7607,7612,7617,7622,7632,7637,7652,7662,7667,7672,7657,7677,7687,7692&#8243; number_of_columns=&#8221;3&#8243; column_spacing=&#8221;6px&#8221; show_caption=&#8221;on&#8221; caption_area=&#8221;gallery&#8221; enable_lightbox=&#8221;on&#8221; lightbox_title_and_caption_style=&#8221;below_image&#8221; _builder_version=&#8221;4.17.3&#8243; _module_preset=&#8221;default&#8221; caption_font=&#8221;Covered By Your Grace||||||||&#8221; caption_text_align=&#8221;center&#8221; caption_text_color=&#8221;#00594c&#8221; caption_font_size=&#8221;3em&#8221; global_colors_info=&#8221;{}&#8221; locked=&#8221;off&#8221;][\/dipl_masonry_gallery][\/et_pb_column][\/et_pb_row][\/et_pb_section]<\/p>\n","protected":false},"excerpt":{"rendered":"<p><div class=\"et_pb_module dipl_text_highlighter dipl_text_highlighter_0\">\n\t\t\t\t\n\t\t\t\t\n\t\t\t\t\n\t\t\t\t\n\t\t\t\t\n\t\t\t\t\n\t\t\t\t<div class=\"et_pb_module_inner\">\n\t\t\t\t\t<div class=\"dipl_text_highlighter_wrapper dipl_highlighter_text dipl_highlight_zigzag \"><span class=\"dipl_text_highlighter_inner_wrapper\"><span class=\"dipl_text_highlighted_content\">Benessere<\/span><?xml version=\"1.0\" encoding=\"utf-8\"?><!-- Generator: Adobe Illustrator 24.3.0, SVG Export Plug-In . SVG Version: 6.00 Build 0)  --><svg version=\"1.1\" xmlns=\"http:\/\/www.w3.org\/2000\/svg\" xmlns:xlink=\"http:\/\/www.w3.org\/1999\/xlink\" x=\"0px\" y=\"0px\" viewBox=\"0 0 175.3 17.9\" style=\"enable-background:new 0 0 175.3 17.9;\" xml:space=\"preserve\"><style type=\"text\/css\">.st0{fill:none;stroke:#231F20;stroke-width:2.5;stroke-linecap:round;stroke-linejoin:round;}<\/style><path class=\"st0\" d=\"M4,9.3c0,0,106.8-8.9,167.2-1.9c0,0-91.1-0.4-114.6,3.8c0,0,37-1.7,55.2,1.9\"\/><\/svg><\/span><\/div>\n\t\t\t\t<\/div>\n\t\t\t<\/div>Vista panoramica La piscina verde smeraldo, con le sue belle dimensioni (10 m. x 6 m.) vi permetter\u00e0 di nuotare, o semplicemente di rinfrescarvi. La spaziosa terrazza [&hellip;]<\/p>\n","protected":false},"author":2,"featured_media":0,"parent":0,"menu_order":0,"comment_status":"closed","ping_status":"closed","template":"","meta":{"_et_pb_use_builder":"on","_et_pb_old_content":"","_et_gb_content_width":"","_exactmetrics_skip_tracking":false,"_exactmetrics_sitenote_active":false,"_exactmetrics_sitenote_note":"","_exactmetrics_sitenote_category":0,"cybocfi_hide_featured_image":""},"yoast_head":"<!-- This site is optimized with the Yoast SEO plugin v20.0 - https:\/\/yoast.com\/wordpress\/plugins\/seo\/ -->\n<title>Benessere - villamorro<\/title>\n<meta name=\"robots\" content=\"index, follow, max-snippet:-1, max-image-preview:large, max-video-preview:-1\" \/>\n<link rel=\"canonical\" href=\"https:\/\/villamorro.com\/it\/benessere\" \/>\n<meta property=\"og:locale\" content=\"it_IT\" \/>\n<meta property=\"og:type\" content=\"article\" \/>\n<meta property=\"og:title\" content=\"Benessere - villamorro\" \/>\n<meta property=\"og:description\" content=\"Vista panoramica La piscina verde smeraldo, con le sue belle dimensioni (10 m. x 6 m.) vi permetter\u00e0 di nuotare, o semplicemente di rinfrescarvi. La spaziosa terrazza [&hellip;]\" \/>\n<meta property=\"og:url\" content=\"https:\/\/villamorro.com\/it\/benessere\" \/>\n<meta property=\"og:site_name\" content=\"villamorro\" \/>\n<meta property=\"article:modified_time\" content=\"2025-02-12T16:41:46+00:00\" \/>\n<meta name=\"twitter:card\" content=\"summary_large_image\" \/>\n<meta name=\"twitter:label1\" content=\"Tempo di lettura stimato\" \/>\n\t<meta name=\"twitter:data1\" content=\"5 minuti\" \/>\n<script type=\"application\/ld+json\" class=\"yoast-schema-graph\">{\"@context\":\"https:\/\/schema.org\",\"@graph\":[{\"@type\":\"WebPage\",\"@id\":\"https:\/\/villamorro.com\/it\/benessere\",\"url\":\"https:\/\/villamorro.com\/it\/benessere\",\"name\":\"Benessere - villamorro\",\"isPartOf\":{\"@id\":\"https:\/\/villamorro.com\/it#website\"},\"datePublished\":\"2022-04-26T15:57:45+00:00\",\"dateModified\":\"2025-02-12T16:41:46+00:00\",\"breadcrumb\":{\"@id\":\"https:\/\/villamorro.com\/it\/benessere#breadcrumb\"},\"inLanguage\":\"it-IT\",\"potentialAction\":[{\"@type\":\"ReadAction\",\"target\":[\"https:\/\/villamorro.com\/it\/benessere\"]}]},{\"@type\":\"BreadcrumbList\",\"@id\":\"https:\/\/villamorro.com\/it\/benessere#breadcrumb\",\"itemListElement\":[{\"@type\":\"ListItem\",\"position\":1,\"name\":\"Accueil\",\"item\":\"https:\/\/villamorro.com\/it\/benvenuto-su-villamorro-com\"},{\"@type\":\"ListItem\",\"position\":2,\"name\":\"Benessere\"}]},{\"@type\":\"WebSite\",\"@id\":\"https:\/\/villamorro.com\/it#website\",\"url\":\"https:\/\/villamorro.com\/it\",\"name\":\"villamorro\",\"description\":\"Suites\",\"potentialAction\":[{\"@type\":\"SearchAction\",\"target\":{\"@type\":\"EntryPoint\",\"urlTemplate\":\"https:\/\/villamorro.com\/it?s={search_term_string}\"},\"query-input\":\"required name=search_term_string\"}],\"inLanguage\":\"it-IT\"}]}<\/script>\n<!-- \/ Yoast SEO plugin. -->","yoast_head_json":{"title":"Benessere - villamorro","robots":{"index":"index","follow":"follow","max-snippet":"max-snippet:-1","max-image-preview":"max-image-preview:large","max-video-preview":"max-video-preview:-1"},"canonical":"https:\/\/villamorro.com\/it\/benessere","og_locale":"it_IT","og_type":"article","og_title":"Benessere - villamorro","og_description":"Vista panoramica La piscina verde smeraldo, con le sue belle dimensioni (10 m. x 6 m.) vi permetter\u00e0 di nuotare, o semplicemente di rinfrescarvi. La spaziosa terrazza [&hellip;]","og_url":"https:\/\/villamorro.com\/it\/benessere","og_site_name":"villamorro","article_modified_time":"2025-02-12T16:41:46+00:00","twitter_card":"summary_large_image","twitter_misc":{"Tempo di lettura stimato":"5 minuti"},"schema":{"@context":"https:\/\/schema.org","@graph":[{"@type":"WebPage","@id":"https:\/\/villamorro.com\/it\/benessere","url":"https:\/\/villamorro.com\/it\/benessere","name":"Benessere - villamorro","isPartOf":{"@id":"https:\/\/villamorro.com\/it#website"},"datePublished":"2022-04-26T15:57:45+00:00","dateModified":"2025-02-12T16:41:46+00:00","breadcrumb":{"@id":"https:\/\/villamorro.com\/it\/benessere#breadcrumb"},"inLanguage":"it-IT","potentialAction":[{"@type":"ReadAction","target":["https:\/\/villamorro.com\/it\/benessere"]}]},{"@type":"BreadcrumbList","@id":"https:\/\/villamorro.com\/it\/benessere#breadcrumb","itemListElement":[{"@type":"ListItem","position":1,"name":"Accueil","item":"https:\/\/villamorro.com\/it\/benvenuto-su-villamorro-com"},{"@type":"ListItem","position":2,"name":"Benessere"}]},{"@type":"WebSite","@id":"https:\/\/villamorro.com\/it#website","url":"https:\/\/villamorro.com\/it","name":"villamorro","description":"Suites","potentialAction":[{"@type":"SearchAction","target":{"@type":"EntryPoint","urlTemplate":"https:\/\/villamorro.com\/it?s={search_term_string}"},"query-input":"required name=search_term_string"}],"inLanguage":"it-IT"}]}},"_links":{"self":[{"href":"https:\/\/villamorro.com\/it\/wp-json\/wp\/v2\/pages\/1870"}],"collection":[{"href":"https:\/\/villamorro.com\/it\/wp-json\/wp\/v2\/pages"}],"about":[{"href":"https:\/\/villamorro.com\/it\/wp-json\/wp\/v2\/types\/page"}],"author":[{"embeddable":true,"href":"https:\/\/villamorro.com\/it\/wp-json\/wp\/v2\/users\/2"}],"replies":[{"embeddable":true,"href":"https:\/\/villamorro.com\/it\/wp-json\/wp\/v2\/comments?post=1870"}],"version-history":[{"count":55,"href":"https:\/\/villamorro.com\/it\/wp-json\/wp\/v2\/pages\/1870\/revisions"}],"predecessor-version":[{"id":8023,"href":"https:\/\/villamorro.com\/it\/wp-json\/wp\/v2\/pages\/1870\/revisions\/8023"}],"wp:attachment":[{"href":"https:\/\/villamorro.com\/it\/wp-json\/wp\/v2\/media?parent=1870"}],"curies":[{"name":"wp","href":"https:\/\/api.w.org\/{rel}","templated":true}]}}